{"id":414,"date":"2021-01-26T15:38:41","date_gmt":"2021-01-26T14:38:41","guid":{"rendered":"https:\/\/it34.com\/danmarks-storste-landinspektorfirma-indtager-branchen-med-opkob\/"},"modified":"2024-01-24T23:47:17","modified_gmt":"2024-01-24T22:47:17","slug":"danmarks-storste-landinspektorfirma-indtager-branchen-med-opkob","status":"publish","type":"page","link":"https:\/\/it34.com\/da\/danmarks-storste-landinspektorfirma-indtager-branchen-med-opkob\/","title":{"rendered":"Danmarks st\u00f8rste landinspekt\u00f8rfirma indtager it-branchen med opk\u00f8b"},"content":{"rendered":"<p>20.01.2021<br \/>\nEfter stor succes med dets it-l\u00f8sninger, lancerer det fremadstormende landinspekt\u00f8rfirma LE34 nu sit eget it-selskab.<\/p>\n<p>Hele pakken samlet \u00e9t sted<br \/>\nIT34 A\/S er en ny it-forretning, der er en del af Danmarks st\u00f8rste landinspekt\u00f8rfirma, LE34, som dermed ogs\u00e5 bliver en stor akt\u00f8r inden for it-branchen. Med kombinationen af it-infrastruktur, it-r\u00e5dgivnings- og udviklingskompetencer samt kortdatakompetencer kan IT34 udvikle og levere avancerede it-l\u00f8sninger i sin helhed. IT34 bliver en betydelig spiller indenfor teknisk it med 45 medarbejdere fordelt p\u00e5 8 kontorer, heraf et i Sverige.<br \/>\n\u2013 Gennem de seneste \u00e5r har it-delen fyldt en st\u00f8rre og st\u00f8rre del af LE34\u2019s l\u00f8sninger inden for geografiske informationssystemer og kortdata. Nu samler vi LE34\u2019s og Invodan IT\u2019s it-kompetencer med traditionel it-infrastruktur, driftssupport og datahosting i IT34 A\/S, siger forretningsansvarlig i IT34, Frank Rasmussen, og uddyber:<br \/>\n\u2013 Hidtil, n\u00e5r LE34 har udviklet konkrete it-l\u00f8sninger til kunder, har andre leverand\u00f8rer typisk h\u00e5ndteret infrastruktur og driftssupport, men i IT34 tilbyder vi hele pakken, og vi vil derfor ogs\u00e5 v\u00e6re attraktive for kunder, der udelukkende har behov for klassiske it-l\u00f8sninger.<\/p>\n<p>Veletableret samarbejde<br \/>\nFrank Rasmussen og Sean Knowlton har indtil nu v\u00e6ret direkt\u00f8rer i Invodan IT, der har h\u00e5ndteret it og udvikling p\u00e5 blandt andet LE34\u2019s it-projekter gennem de seneste syv \u00e5r. Fremadrettet bliver Invodan IT en del af IT34, med lokale afdelinger i forbindelse med LE34\u2019s kontorer i Aarhus, Aalborg, K\u00f8benhavn, Odense, Ringsted, Viborg, N\u00f8rre Alslev og G\u00f6teborg.<br \/>\n\u2013 Det er et veletableret samarbejde, der forts\u00e6tter i IT34, men vores kunder kommer samtidig til at opleve os som endnu mere str\u00f8mlinede og effektive, fordi vi er samlet i en og samme forretning, siger kundeansvarlig Sean Knowlton.<\/p>\n<p>It-tunge l\u00f8sninger bygget p\u00e5 ekspertise i geografiske data<br \/>\nBlandt de it-tunge l\u00f8sninger, som LE34 har udviklet, der nu overg\u00e5r til IT34, er appen SmartSurvey\u2122, der omdanner simple videoer til detaljerede 3D-modeller, og PointView\u2122, der udstiller data fra eksempelvis vejnettet med s\u00e5 h\u00f8j pr\u00e6cision, at kommuner og ingeni\u00f8rer kan bruge dem til at projektere nye infrastrukturprojekter og vedligeholdelse af veje. Med softwaren PointView\u2122 er det nemt at h\u00e5ndtere de enorme datam\u00e6ngder og foretage opm\u00e5linger direkte p\u00e5 en almindelig pc.<br \/>\n\u2013 Vi har allerede udviklet en r\u00e6kke it-l\u00f8sninger, som b\u00e5de offentlige og private kunder allerede har gavn af, s\u00e5 i den forstand tager vi en flyvende start. En af de l\u00f8sninger, vi har udviklet meget p\u00e5 gennem de seneste \u00e5r, er opgavestyring til kommunerne, som er en meget relevant kundegruppe for os, siger Frank Rasmussen.<br \/>\n\u2013 Mange danske kommuner bruger allerede appen Borgertip\u2122, der g\u00f8r det nemt at indberette et hul i vejen eller et v\u00e6ltet tr\u00e6 til kommunen. Det har vi videreudviklet i systemet WorkDone\u2122, hvor opgavel\u00f8sning automatiseres, idet systemet ud fra givne regler for eksempel selv tager stilling til og prioriterer opgaver, uddyber Frank Rasmussen.<\/p>\n<p>L\u00e6s mere om PointView<br \/>\nL\u00e6s mere om SmartSurvey<\/p>\n<p>F\u00e5 mere at vide<\/p>\n<p>Frank Rasmussen<br \/>\nSean Knowlton<\/p>\n","protected":false},"excerpt":{"rendered":"<p>20.01.2021 Efter stor succes med dets it-l\u00f8sninger, lancerer det fremadstormende landinspekt\u00f8rfirma LE34 nu sit eget it-selskab. Hele pakken samlet \u00e9t sted IT34 A\/S er en ny it-forretning, der er en del af Danmarks st\u00f8rste landinspekt\u00f8rfirma, LE34, som dermed ogs\u00e5 bliver en stor akt\u00f8r inden for it-branchen. Med kombinationen af it-infrastruktur, it-r\u00e5dgivnings- og udviklingskompetencer samt kortdatakompetencer [&hellip;]<\/p>\n","protected":false},"author":2,"featured_media":0,"parent":0,"menu_order":0,"comment_status":"closed","ping_status":"closed","template":"","meta":{"_acf_changed":false,"footnotes":""},"class_list":["post-414","page","type-page","status-publish","hentry"],"acf":[],"yoast_head":"<!-- This site is optimized with the Yoast SEO plugin v27.5 - https:\/\/yoast.com\/product\/yoast-seo-wordpress\/ -->\n<title>Danmarks st\u00f8rste landinspekt\u00f8rfirma indtager it-branchen med opk\u00f8b - IT34<\/title>\n<meta name=\"description\" content=\"Efter stor succes med dets it-l\u00f8sninger, lancerer det fremadstormende landinspekt\u00f8rfirma LE34 nu sit eget it-selskab under navnet IT34 A\/S\" \/>\n<meta name=\"robots\" content=\"index, follow, max-snippet:-1, max-image-preview:large, max-video-preview:-1\" \/>\n<link rel=\"canonical\" href=\"https:\/\/it34.com\/da\/danmarks-storste-landinspektorfirma-indtager-branchen-med-opkob\/\" \/>\n<meta property=\"og:locale\" content=\"da_DK\" \/>\n<meta property=\"og:type\" content=\"article\" \/>\n<meta property=\"og:title\" content=\"Danmarks st\u00f8rste landinspekt\u00f8rfirma indtager it-branchen med opk\u00f8b - IT34\" \/>\n<meta property=\"og:description\" content=\"Efter stor succes med dets it-l\u00f8sninger, lancerer det fremadstormende landinspekt\u00f8rfirma LE34 nu sit eget it-selskab under navnet IT34 A\/S\" \/>\n<meta property=\"og:url\" content=\"https:\/\/it34.com\/da\/danmarks-storste-landinspektorfirma-indtager-branchen-med-opkob\/\" \/>\n<meta property=\"og:site_name\" content=\"IT34\" \/>\n<meta property=\"article:modified_time\" content=\"2024-01-24T22:47:17+00:00\" \/>\n<meta name=\"twitter:card\" content=\"summary_large_image\" \/>\n<meta name=\"twitter:label1\" content=\"Estimeret l\u00e6setid\" \/>\n\t<meta name=\"twitter:data1\" content=\"6 minutter\" \/>\n<script type=\"application\/ld+json\" class=\"yoast-schema-graph\">{\"@context\":\"https:\\\/\\\/schema.org\",\"@graph\":[{\"@type\":\"WebPage\",\"@id\":\"https:\\\/\\\/it34.com\\\/da\\\/danmarks-storste-landinspektorfirma-indtager-branchen-med-opkob\\\/\",\"url\":\"https:\\\/\\\/it34.com\\\/da\\\/danmarks-storste-landinspektorfirma-indtager-branchen-med-opkob\\\/\",\"name\":\"Danmarks st\u00f8rste landinspekt\u00f8rfirma indtager it-branchen med opk\u00f8b - IT34\",\"isPartOf\":{\"@id\":\"https:\\\/\\\/it34.com\\\/da\\\/#website\"},\"datePublished\":\"2021-01-26T14:38:41+00:00\",\"dateModified\":\"2024-01-24T22:47:17+00:00\",\"description\":\"Efter stor succes med dets it-l\u00f8sninger, lancerer det fremadstormende landinspekt\u00f8rfirma LE34 nu sit eget it-selskab under navnet IT34 A\\\/S\",\"breadcrumb\":{\"@id\":\"https:\\\/\\\/it34.com\\\/da\\\/danmarks-storste-landinspektorfirma-indtager-branchen-med-opkob\\\/#breadcrumb\"},\"inLanguage\":\"da-DK\",\"potentialAction\":[{\"@type\":\"ReadAction\",\"target\":[\"https:\\\/\\\/it34.com\\\/da\\\/danmarks-storste-landinspektorfirma-indtager-branchen-med-opkob\\\/\"]}]},{\"@type\":\"BreadcrumbList\",\"@id\":\"https:\\\/\\\/it34.com\\\/da\\\/danmarks-storste-landinspektorfirma-indtager-branchen-med-opkob\\\/#breadcrumb\",\"itemListElement\":[{\"@type\":\"ListItem\",\"position\":1,\"name\":\"Home\",\"item\":\"https:\\\/\\\/it34.com\\\/da\\\/\"},{\"@type\":\"ListItem\",\"position\":2,\"name\":\"Danmarks st\u00f8rste landinspekt\u00f8rfirma indtager it-branchen med opk\u00f8b\"}]},{\"@type\":\"WebSite\",\"@id\":\"https:\\\/\\\/it34.com\\\/da\\\/#website\",\"url\":\"https:\\\/\\\/it34.com\\\/da\\\/\",\"name\":\"IT34\",\"description\":\"IT34 makes it possible\",\"publisher\":{\"@id\":\"https:\\\/\\\/it34.com\\\/da\\\/#organization\"},\"potentialAction\":[{\"@type\":\"SearchAction\",\"target\":{\"@type\":\"EntryPoint\",\"urlTemplate\":\"https:\\\/\\\/it34.com\\\/da\\\/?s={search_term_string}\"},\"query-input\":{\"@type\":\"PropertyValueSpecification\",\"valueRequired\":true,\"valueName\":\"search_term_string\"}}],\"inLanguage\":\"da-DK\"},{\"@type\":\"Organization\",\"@id\":\"https:\\\/\\\/it34.com\\\/da\\\/#organization\",\"name\":\"IT34\",\"url\":\"https:\\\/\\\/it34.com\\\/da\\\/\",\"logo\":{\"@type\":\"ImageObject\",\"inLanguage\":\"da-DK\",\"@id\":\"https:\\\/\\\/it34.com\\\/da\\\/#\\\/schema\\\/logo\\\/image\\\/\",\"url\":\"https:\\\/\\\/it34.com\\\/wp-content\\\/uploads\\\/2024\\\/01\\\/cropped-it34.png\",\"contentUrl\":\"https:\\\/\\\/it34.com\\\/wp-content\\\/uploads\\\/2024\\\/01\\\/cropped-it34.png\",\"width\":512,\"height\":512,\"caption\":\"IT34\"},\"image\":{\"@id\":\"https:\\\/\\\/it34.com\\\/da\\\/#\\\/schema\\\/logo\\\/image\\\/\"},\"sameAs\":[\"https:\\\/\\\/www.linkedin.com\\\/company\\\/74469087\\\/admin\\\/feed\\\/posts\\\/\"]}]}<\/script>\n<!-- \/ Yoast SEO plugin. -->","yoast_head_json":{"title":"Danmarks st\u00f8rste landinspekt\u00f8rfirma indtager it-branchen med opk\u00f8b - IT34","description":"Efter stor succes med dets it-l\u00f8sninger, lancerer det fremadstormende landinspekt\u00f8rfirma LE34 nu sit eget it-selskab under navnet IT34 A\/S","robots":{"index":"index","follow":"follow","max-snippet":"max-snippet:-1","max-image-preview":"max-image-preview:large","max-video-preview":"max-video-preview:-1"},"canonical":"https:\/\/it34.com\/da\/danmarks-storste-landinspektorfirma-indtager-branchen-med-opkob\/","og_locale":"da_DK","og_type":"article","og_title":"Danmarks st\u00f8rste landinspekt\u00f8rfirma indtager it-branchen med opk\u00f8b - IT34","og_description":"Efter stor succes med dets it-l\u00f8sninger, lancerer det fremadstormende landinspekt\u00f8rfirma LE34 nu sit eget it-selskab under navnet IT34 A\/S","og_url":"https:\/\/it34.com\/da\/danmarks-storste-landinspektorfirma-indtager-branchen-med-opkob\/","og_site_name":"IT34","article_modified_time":"2024-01-24T22:47:17+00:00","twitter_card":"summary_large_image","twitter_misc":{"Estimeret l\u00e6setid":"6 minutter"},"schema":{"@context":"https:\/\/schema.org","@graph":[{"@type":"WebPage","@id":"https:\/\/it34.com\/da\/danmarks-storste-landinspektorfirma-indtager-branchen-med-opkob\/","url":"https:\/\/it34.com\/da\/danmarks-storste-landinspektorfirma-indtager-branchen-med-opkob\/","name":"Danmarks st\u00f8rste landinspekt\u00f8rfirma indtager it-branchen med opk\u00f8b - IT34","isPartOf":{"@id":"https:\/\/it34.com\/da\/#website"},"datePublished":"2021-01-26T14:38:41+00:00","dateModified":"2024-01-24T22:47:17+00:00","description":"Efter stor succes med dets it-l\u00f8sninger, lancerer det fremadstormende landinspekt\u00f8rfirma LE34 nu sit eget it-selskab under navnet IT34 A\/S","breadcrumb":{"@id":"https:\/\/it34.com\/da\/danmarks-storste-landinspektorfirma-indtager-branchen-med-opkob\/#breadcrumb"},"inLanguage":"da-DK","potentialAction":[{"@type":"ReadAction","target":["https:\/\/it34.com\/da\/danmarks-storste-landinspektorfirma-indtager-branchen-med-opkob\/"]}]},{"@type":"BreadcrumbList","@id":"https:\/\/it34.com\/da\/danmarks-storste-landinspektorfirma-indtager-branchen-med-opkob\/#breadcrumb","itemListElement":[{"@type":"ListItem","position":1,"name":"Home","item":"https:\/\/it34.com\/da\/"},{"@type":"ListItem","position":2,"name":"Danmarks st\u00f8rste landinspekt\u00f8rfirma indtager it-branchen med opk\u00f8b"}]},{"@type":"WebSite","@id":"https:\/\/it34.com\/da\/#website","url":"https:\/\/it34.com\/da\/","name":"IT34","description":"IT34 makes it possible","publisher":{"@id":"https:\/\/it34.com\/da\/#organization"},"potentialAction":[{"@type":"SearchAction","target":{"@type":"EntryPoint","urlTemplate":"https:\/\/it34.com\/da\/?s={search_term_string}"},"query-input":{"@type":"PropertyValueSpecification","valueRequired":true,"valueName":"search_term_string"}}],"inLanguage":"da-DK"},{"@type":"Organization","@id":"https:\/\/it34.com\/da\/#organization","name":"IT34","url":"https:\/\/it34.com\/da\/","logo":{"@type":"ImageObject","inLanguage":"da-DK","@id":"https:\/\/it34.com\/da\/#\/schema\/logo\/image\/","url":"https:\/\/it34.com\/wp-content\/uploads\/2024\/01\/cropped-it34.png","contentUrl":"https:\/\/it34.com\/wp-content\/uploads\/2024\/01\/cropped-it34.png","width":512,"height":512,"caption":"IT34"},"image":{"@id":"https:\/\/it34.com\/da\/#\/schema\/logo\/image\/"},"sameAs":["https:\/\/www.linkedin.com\/company\/74469087\/admin\/feed\/posts\/"]}]}},"_links":{"self":[{"href":"https:\/\/it34.com\/da\/wp-json\/wp\/v2\/pages\/414","targetHints":{"allow":["GET"]}}],"collection":[{"href":"https:\/\/it34.com\/da\/wp-json\/wp\/v2\/pages"}],"about":[{"href":"https:\/\/it34.com\/da\/wp-json\/wp\/v2\/types\/page"}],"author":[{"embeddable":true,"href":"https:\/\/it34.com\/da\/wp-json\/wp\/v2\/users\/2"}],"replies":[{"embeddable":true,"href":"https:\/\/it34.com\/da\/wp-json\/wp\/v2\/comments?post=414"}],"version-history":[{"count":2,"href":"https:\/\/it34.com\/da\/wp-json\/wp\/v2\/pages\/414\/revisions"}],"predecessor-version":[{"id":6378,"href":"https:\/\/it34.com\/da\/wp-json\/wp\/v2\/pages\/414\/revisions\/6378"}],"wp:attachment":[{"href":"https:\/\/it34.com\/da\/wp-json\/wp\/v2\/media?parent=414"}],"curies":[{"name":"wp","href":"https:\/\/api.w.org\/{rel}","templated":true}]}}