{"id":430,"date":"2017-07-18T04:20:31","date_gmt":"2017-07-18T03:20:31","guid":{"rendered":"https:\/\/it34.com\/forside\/"},"modified":"2025-11-20T12:32:14","modified_gmt":"2025-11-20T11:32:14","slug":"forside","status":"publish","type":"page","link":"https:\/\/it34.com\/da\/","title":{"rendered":"Forside"},"content":{"rendered":"<p>En verden af vejdata med GeoNote\u00ae Vejtilsyn<br \/>\nMed GeoNote\u00ae Vejtilsyn sikrer kommunen en effektiv og intelligent h\u00e5ndtering af vejnettet gennem et digitalt overbliksbillede.<\/p>\n<p>MyProperty\u2122 samler alle ejendomsoplysninger \u00e9t sted<br \/>\nMyProperty\u2122 har gjort det nemt og hurtigt at hente alle de ejendomsoplysninger, du skal bruge. Via \u00e9t login f\u00e5r du adgang til ejendomsdata, ejer- og matrikeloplysninger, OIS og tinglysning i \u00e9n og samme visning.<\/p>\n<p>Seneste nyheder<\/p>\n<p>TruePoint\u2122 RTK-GPS: Pr\u00e6cisionsmodtager til 3D data capture, GIS og dataindsamling i marken<br \/>\nMed centimeters n\u00f8jagtighed, intuitive arbejdsgange og geolokalisering i realtid optimerer TruePoint\u2122 effektiviteten fra marken til kontoret. TruePoint\u2122 RTK-GPS er s\u00e6rligt designet til 3D data capture, GIS og anden dataindsamling i marken, der kr\u00e6ver pr\u00e6cision og stabilitet i kritiske projektfaser. Enkelt og effektivt.<\/p>\n<p>L\u00e6s mere om TruePoint\u2122<\/p>\n<p>IT34 leverer software til nyt selskab, der skal skabe overblik over samfundskritisk infrastruktur i jorden<br \/>\nLE34, Aarhus Vand og Arkil har stiftet et nyt selskab og digital platform, HeyPipe\u2122, der skal skabe overblik \u2013 som ikke findes i dag \u2013 over ledninger, kabler, r\u00f8r og tunneler, som udg\u00f8r en kompleks og samfundskritisk underjordisk infrastruktur. IT34 har leveret softwaren til den digitale platform.<br \/>\nL\u00e6s mere<\/p>\n<p>SmartSurvey\u2122 vinder stor innovationspris<br \/>\nDet vision\u00e6re partnerskab, Vandpartner, har uddelt innovationspris, som kronen p\u00e5 v\u00e6rket for de f\u00f8rste seks \u00e5rs samarbejde. Prisen er tildelt opm\u00e5lingsappen SmartSurvey\u2122.<br \/>\nL\u00e6s mere<\/p>\n<p>Gennembrud for arbejde med store m\u00e6ngder 3D-data<br \/>\nForestil dig en webbaseret l\u00f8sning, som giver dig adgang til kolossale datam\u00e6ngder i et enkelt og brugervenligt overblik. Det har manglet, n\u00e5r man skulle udveksle og arbejde i punktskyer, 3D-modeller og detaljerede interaktive kort. Derfor udviklede vi PointView\u2122.<br \/>\nL\u00e6s mere<\/p>\n<p>Autoriseret Bentley-forhandler i Norden<br \/>\nVerden over benytter ingeni\u00f8rer, landinspekt\u00f8rer og entrepren\u00f8rer Bentleys softwarel\u00f8sninger i udviklingen af nye infrastruktur- og anl\u00e6gsprojekter. IT34 samler support, undervisning, udvikling, CAD-specialister og licenser \u00e9t sted.<br \/>\nL\u00e6s mere<\/p>\n<p>Frank Rasmussen, Forretningsansvarlig, CTO, IT34:<br \/>\n\u201dVi er landinspekt\u00f8rfirmaet LE34\u2019s digitale tvilling. P\u00e5 \u00e9n gang ung og gammel. Vi har arven fra kortdata, registerdata og GIS med os og har skabt en unik hybrid med IT- og udviklingskompetencer i front.\u201d\u00a0<\/p>\n<p>SmartSurvey\u2122 revolutionerer opm\u00e5ling<br \/>\nSmartSurvey\u2122 er en lille teknologisk revolution, hvor simpel video fra en mobiltelefon bliver omsat til en kompleks 3D-punktsky, der sikrer det digitale overblik. <\/p>\n<p>Automatisk LER-besvarelse til ledningsejere<br \/>\nAutoLER\u2122 er et nemt og intuitivt v\u00e6rkt\u00f8j, som b\u00e5de opfylder LER 2.0-lovkravene og samtidig giver dig og andre den n\u00f8dvendige viden om dit ledningsnet.<\/p>\n","protected":false},"excerpt":{"rendered":"<p>En verden af vejdata med GeoNote\u00ae Vejtilsyn Med GeoNote\u00ae Vejtilsyn sikrer kommunen en effektiv og intelligent h\u00e5ndtering af vejnettet gennem et digitalt overbliksbillede. MyProperty\u2122 samler alle ejendomsoplysninger \u00e9t sted MyProperty\u2122 har gjort det nemt og hurtigt at hente alle de ejendomsoplysninger, du skal bruge. Via \u00e9t login f\u00e5r du adgang til ejendomsdata, ejer- og matrikeloplysninger, [&hellip;]<\/p>\n","protected":false},"author":2,"featured_media":0,"parent":0,"menu_order":0,"comment_status":"closed","ping_status":"closed","template":"","meta":{"_acf_changed":false,"footnotes":""},"class_list":["post-430","page","type-page","status-publish","hentry"],"acf":[],"yoast_head":"<!-- This site is optimized with the Yoast SEO plugin v27.5 - https:\/\/yoast.com\/product\/yoast-seo-wordpress\/ -->\n<title>IT34 - digitale l\u00f8sninger s\u00e5 du kan f\u00e5 arbejdsro<\/title>\n<meta name=\"description\" content=\"IT34 er bygget p\u00e5 en vision om at skabe sammenh\u00e6ng. Mellem data, mennesker og digitale l\u00f8sninger. Det handler om mennesker. IT g\u00f8r det muligt\" \/>\n<meta name=\"robots\" content=\"index, follow, max-snippet:-1, max-image-preview:large, max-video-preview:-1\" \/>\n<link rel=\"canonical\" href=\"https:\/\/it34.com\/da\/\" \/>\n<meta property=\"og:locale\" content=\"da_DK\" \/>\n<meta property=\"og:type\" content=\"article\" \/>\n<meta property=\"og:title\" content=\"IT34 - digitale l\u00f8sninger s\u00e5 du kan f\u00e5 arbejdsro\" \/>\n<meta property=\"og:description\" content=\"IT34 er bygget p\u00e5 en vision om at skabe sammenh\u00e6ng. Mellem data, mennesker og digitale l\u00f8sninger. Det handler om mennesker. IT g\u00f8r det muligt\" \/>\n<meta property=\"og:url\" content=\"https:\/\/it34.com\/da\/\" \/>\n<meta property=\"og:site_name\" content=\"IT34\" \/>\n<meta property=\"article:modified_time\" content=\"2025-11-20T11:32:14+00:00\" \/>\n<meta name=\"twitter:card\" content=\"summary_large_image\" \/>\n<meta name=\"twitter:label1\" content=\"Estimeret l\u00e6setid\" \/>\n\t<meta name=\"twitter:data1\" content=\"7 minutter\" \/>\n<script type=\"application\/ld+json\" class=\"yoast-schema-graph\">{\"@context\":\"https:\\\/\\\/schema.org\",\"@graph\":[{\"@type\":\"WebPage\",\"@id\":\"https:\\\/\\\/it34.com\\\/da\\\/\",\"url\":\"https:\\\/\\\/it34.com\\\/da\\\/\",\"name\":\"IT34 - digitale l\u00f8sninger s\u00e5 du kan f\u00e5 arbejdsro\",\"isPartOf\":{\"@id\":\"https:\\\/\\\/it34.com\\\/da\\\/#website\"},\"datePublished\":\"2017-07-18T03:20:31+00:00\",\"dateModified\":\"2025-11-20T11:32:14+00:00\",\"description\":\"IT34 er bygget p\u00e5 en vision om at skabe sammenh\u00e6ng. Mellem data, mennesker og digitale l\u00f8sninger. Det handler om mennesker. IT g\u00f8r det muligt\",\"breadcrumb\":{\"@id\":\"https:\\\/\\\/it34.com\\\/da\\\/#breadcrumb\"},\"inLanguage\":\"da-DK\",\"potentialAction\":[{\"@type\":\"ReadAction\",\"target\":[\"https:\\\/\\\/it34.com\\\/da\\\/\"]}]},{\"@type\":\"BreadcrumbList\",\"@id\":\"https:\\\/\\\/it34.com\\\/da\\\/#breadcrumb\",\"itemListElement\":[{\"@type\":\"ListItem\",\"position\":1,\"name\":\"Home\",\"item\":\"https:\\\/\\\/it34.com\\\/da\\\/\"},{\"@type\":\"ListItem\",\"position\":2,\"name\":\"Forside\"}]},{\"@type\":\"WebSite\",\"@id\":\"https:\\\/\\\/it34.com\\\/da\\\/#website\",\"url\":\"https:\\\/\\\/it34.com\\\/da\\\/\",\"name\":\"IT34\",\"description\":\"IT34 makes it possible\",\"publisher\":{\"@id\":\"https:\\\/\\\/it34.com\\\/da\\\/#organization\"},\"potentialAction\":[{\"@type\":\"SearchAction\",\"target\":{\"@type\":\"EntryPoint\",\"urlTemplate\":\"https:\\\/\\\/it34.com\\\/da\\\/?s={search_term_string}\"},\"query-input\":{\"@type\":\"PropertyValueSpecification\",\"valueRequired\":true,\"valueName\":\"search_term_string\"}}],\"inLanguage\":\"da-DK\"},{\"@type\":\"Organization\",\"@id\":\"https:\\\/\\\/it34.com\\\/da\\\/#organization\",\"name\":\"IT34\",\"url\":\"https:\\\/\\\/it34.com\\\/da\\\/\",\"logo\":{\"@type\":\"ImageObject\",\"inLanguage\":\"da-DK\",\"@id\":\"https:\\\/\\\/it34.com\\\/da\\\/#\\\/schema\\\/logo\\\/image\\\/\",\"url\":\"https:\\\/\\\/it34.com\\\/wp-content\\\/uploads\\\/2024\\\/01\\\/cropped-it34.png\",\"contentUrl\":\"https:\\\/\\\/it34.com\\\/wp-content\\\/uploads\\\/2024\\\/01\\\/cropped-it34.png\",\"width\":512,\"height\":512,\"caption\":\"IT34\"},\"image\":{\"@id\":\"https:\\\/\\\/it34.com\\\/da\\\/#\\\/schema\\\/logo\\\/image\\\/\"},\"sameAs\":[\"https:\\\/\\\/www.linkedin.com\\\/company\\\/74469087\\\/admin\\\/feed\\\/posts\\\/\"]}]}<\/script>\n<!-- \/ Yoast SEO plugin. -->","yoast_head_json":{"title":"IT34 - digitale l\u00f8sninger s\u00e5 du kan f\u00e5 arbejdsro","description":"IT34 er bygget p\u00e5 en vision om at skabe sammenh\u00e6ng. Mellem data, mennesker og digitale l\u00f8sninger. Det handler om mennesker. IT g\u00f8r det muligt","robots":{"index":"index","follow":"follow","max-snippet":"max-snippet:-1","max-image-preview":"max-image-preview:large","max-video-preview":"max-video-preview:-1"},"canonical":"https:\/\/it34.com\/da\/","og_locale":"da_DK","og_type":"article","og_title":"IT34 - digitale l\u00f8sninger s\u00e5 du kan f\u00e5 arbejdsro","og_description":"IT34 er bygget p\u00e5 en vision om at skabe sammenh\u00e6ng. Mellem data, mennesker og digitale l\u00f8sninger. Det handler om mennesker. IT g\u00f8r det muligt","og_url":"https:\/\/it34.com\/da\/","og_site_name":"IT34","article_modified_time":"2025-11-20T11:32:14+00:00","twitter_card":"summary_large_image","twitter_misc":{"Estimeret l\u00e6setid":"7 minutter"},"schema":{"@context":"https:\/\/schema.org","@graph":[{"@type":"WebPage","@id":"https:\/\/it34.com\/da\/","url":"https:\/\/it34.com\/da\/","name":"IT34 - digitale l\u00f8sninger s\u00e5 du kan f\u00e5 arbejdsro","isPartOf":{"@id":"https:\/\/it34.com\/da\/#website"},"datePublished":"2017-07-18T03:20:31+00:00","dateModified":"2025-11-20T11:32:14+00:00","description":"IT34 er bygget p\u00e5 en vision om at skabe sammenh\u00e6ng. Mellem data, mennesker og digitale l\u00f8sninger. Det handler om mennesker. IT g\u00f8r det muligt","breadcrumb":{"@id":"https:\/\/it34.com\/da\/#breadcrumb"},"inLanguage":"da-DK","potentialAction":[{"@type":"ReadAction","target":["https:\/\/it34.com\/da\/"]}]},{"@type":"BreadcrumbList","@id":"https:\/\/it34.com\/da\/#breadcrumb","itemListElement":[{"@type":"ListItem","position":1,"name":"Home","item":"https:\/\/it34.com\/da\/"},{"@type":"ListItem","position":2,"name":"Forside"}]},{"@type":"WebSite","@id":"https:\/\/it34.com\/da\/#website","url":"https:\/\/it34.com\/da\/","name":"IT34","description":"IT34 makes it possible","publisher":{"@id":"https:\/\/it34.com\/da\/#organization"},"potentialAction":[{"@type":"SearchAction","target":{"@type":"EntryPoint","urlTemplate":"https:\/\/it34.com\/da\/?s={search_term_string}"},"query-input":{"@type":"PropertyValueSpecification","valueRequired":true,"valueName":"search_term_string"}}],"inLanguage":"da-DK"},{"@type":"Organization","@id":"https:\/\/it34.com\/da\/#organization","name":"IT34","url":"https:\/\/it34.com\/da\/","logo":{"@type":"ImageObject","inLanguage":"da-DK","@id":"https:\/\/it34.com\/da\/#\/schema\/logo\/image\/","url":"https:\/\/it34.com\/wp-content\/uploads\/2024\/01\/cropped-it34.png","contentUrl":"https:\/\/it34.com\/wp-content\/uploads\/2024\/01\/cropped-it34.png","width":512,"height":512,"caption":"IT34"},"image":{"@id":"https:\/\/it34.com\/da\/#\/schema\/logo\/image\/"},"sameAs":["https:\/\/www.linkedin.com\/company\/74469087\/admin\/feed\/posts\/"]}]}},"_links":{"self":[{"href":"https:\/\/it34.com\/da\/wp-json\/wp\/v2\/pages\/430","targetHints":{"allow":["GET"]}}],"collection":[{"href":"https:\/\/it34.com\/da\/wp-json\/wp\/v2\/pages"}],"about":[{"href":"https:\/\/it34.com\/da\/wp-json\/wp\/v2\/types\/page"}],"author":[{"embeddable":true,"href":"https:\/\/it34.com\/da\/wp-json\/wp\/v2\/users\/2"}],"replies":[{"embeddable":true,"href":"https:\/\/it34.com\/da\/wp-json\/wp\/v2\/comments?post=430"}],"version-history":[{"count":17,"href":"https:\/\/it34.com\/da\/wp-json\/wp\/v2\/pages\/430\/revisions"}],"predecessor-version":[{"id":7604,"href":"https:\/\/it34.com\/da\/wp-json\/wp\/v2\/pages\/430\/revisions\/7604"}],"wp:attachment":[{"href":"https:\/\/it34.com\/da\/wp-json\/wp\/v2\/media?parent=430"}],"curies":[{"name":"wp","href":"https:\/\/api.w.org\/{rel}","templated":true}]}}