{"id":486,"date":"2017-08-09T13:58:18","date_gmt":"2017-08-09T12:58:18","guid":{"rendered":"https:\/\/it34.com\/karriere\/"},"modified":"2024-02-08T14:44:30","modified_gmt":"2024-02-08T13:44:30","slug":"karriere","status":"publish","type":"page","link":"https:\/\/it34.com\/da\/karriere\/","title":{"rendered":"Karriere"},"content":{"rendered":"<p>S\u00f8g en stilling<\/p>\n<p>Ledige stillinger<br \/>\nInnovation, disruption og udvikling er vores hverdag. Det kr\u00e6ver benh\u00e5rd disciplin og t\u00e5rnh\u00f8j faglighed. Derfor forventer vi, du er ambiti\u00f8s og skarp; samarbejdsorienteret og disciplineret. Hvis det passer p\u00e5 dig, vil vi gerne h\u00f8re fra dig.<\/p>\n<p>Se ledige stillinger<\/p>\n<p>Arbejd med os &#8211; ikke for os<br \/>\nGode medarbejdere har som regel \u00e9n ting til f\u00e6lles: Gode ledere. Derfor arbejder vi m\u00e5lrettet med ledelse, projektledelse og teamledelse. Det skaber trivsel, resultater og retning.<br \/>\nVi samarbejder hvert \u00e5r med universiteterne og betragter det som en naturlig del af vores processer at inddrage ph.d- eller kandidatstuderende i vores projekter. Vi arbejder i teams, hvor vores fokus er p\u00e5 m\u00e5l og resultater, ikke hierarki og titler.<\/p>\n<p>Work-life balance<br \/>\nVi tror p\u00e5, at balance mellem ansvar og indflydelse, kompetencer og ressourcer skaber et arbejdsliv, som er sp\u00e6ndende, udviklende og motiverende. N\u00e5r det er p\u00e5 plads, kan vi ogs\u00e5 v\u00e6re til stede i vores liv, n\u00e5r vi har fri. Det er afg\u00f8rende i relation til work-life balance.<br \/>\nMed kontorer over hele landet, kan vi tilbyde stor fleksibilitet i forhold til, hvor du udf\u00f8rer dine opgaver. Der er gode kollegaer p\u00e5 alle kontorer, s\u00e5 skal du blot v\u00e6lge, hvad der passer bedst i forhold til dig og din logistik.<br \/>\n\u00a0<\/p>\n<p>Talentudvikling<br \/>\nVi tror p\u00e5, at dygtige mennesker motiveres af et h\u00f8jt fagligt niveau. Og helt overordnet l\u00e6gger vi stor v\u00e6gt p\u00e5 altid at levere den h\u00f8jeste faglige kvalitet.<br \/>\nN\u00e5r vi s\u00e5 g\u00f8r det, er der enkelte, som skiller sig s\u00e6rligt ud og viser sig som rollemodeller \u2013 for eksempel ved et s\u00e6rligt h\u00f8jt fagligt niveau, en s\u00e6rlig menneskelig egenskab til at motivere og lede, eller en udpr\u00e6get forretningssans. Det s\u00e6rlige potentiale for udvikling vil vi gerne give de bedste vilk\u00e5r, s\u00e5 ingen bliver overset eller glemt og derfor har vi sat talentudvikling i system.<br \/>\nVores talentprogram udelukker ikke alle andre fra udvikling. I stedet handler det om, at vi har \u00f8je for, hvem der befinder sig p\u00e5 den rigtige hylde og befinder sig godt og hvem der skal arbejde frem imod en ny rolle.<\/p>\n<p>Studerende og praktikanter<br \/>\nVi elsker at l\u00e6re den kommende generation af udviklere at kende. Derfor prioriterer vi at kunne im\u00f8dekomme henvendelser om praktik eller projektforl\u00f8b hos os og samarbejder med universiteterne om b\u00e5de ph.d.- og kandidatforl\u00f8b. <\/p>\n<p>S\u00f8g praktik<\/p>\n<p>Uopfordrede ans\u00f8gninger<br \/>\nVi er meget taknemmelige for alle de ans\u00f8gninger, vi modtager. Bem\u00e6rk dog, at vi modtager s\u00e5 mange, at vi kun tager dem i betragtning, som s\u00f8ger via den rigtige kanal. Vi forventer alts\u00e5, at de kandidater, som s\u00f8ger hos os, har benyttet linket herunder.<\/p>\n<p>S\u00f8g uopfordret<\/p>\n<p>Abonner p\u00e5 vores stillingsopslag<br \/>\nHvis du gerne vil f\u00f8lge med i, hvilke stillinger, vi sl\u00e5r op, kan du tilmelde dig vores jobagent. P\u00e5 den m\u00e5de g\u00e5r du aldrig glip af en mulighed, du gerne ville have kendt.<\/p>\n<p>Opret jobagent<\/p>\n","protected":false},"excerpt":{"rendered":"<p>S\u00f8g en stilling Ledige stillinger Innovation, disruption og udvikling er vores hverdag. Det kr\u00e6ver benh\u00e5rd disciplin og t\u00e5rnh\u00f8j faglighed. Derfor forventer vi, du er ambiti\u00f8s og skarp; samarbejdsorienteret og disciplineret. Hvis det passer p\u00e5 dig, vil vi gerne h\u00f8re fra dig. Se ledige stillinger Arbejd med os &#8211; ikke for os Gode medarbejdere har som [&hellip;]<\/p>\n","protected":false},"author":2,"featured_media":0,"parent":0,"menu_order":0,"comment_status":"closed","ping_status":"closed","template":"","meta":{"_acf_changed":false,"footnotes":""},"class_list":["post-486","page","type-page","status-publish","hentry"],"acf":[],"yoast_head":"<!-- This site is optimized with the Yoast SEO plugin v27.5 - https:\/\/yoast.com\/product\/yoast-seo-wordpress\/ -->\n<title>Karriere hos IT34 - Bliv en del af vores talentprogram<\/title>\n<meta name=\"description\" content=\"Vi er altid p\u00e5 jagt efter ambiti\u00f8se, disciplinerede og samarbejdsorienterede medarbejdere. Hvis det passer p\u00e5 dig, vil vi gerne h\u00f8re fra dig.\" \/>\n<meta name=\"robots\" content=\"index, follow, max-snippet:-1, max-image-preview:large, max-video-preview:-1\" \/>\n<link rel=\"canonical\" href=\"https:\/\/it34.com\/da\/karriere\/\" \/>\n<meta property=\"og:locale\" content=\"da_DK\" \/>\n<meta property=\"og:type\" content=\"article\" \/>\n<meta property=\"og:title\" content=\"Karriere hos IT34 - Bliv en del af vores talentprogram\" \/>\n<meta property=\"og:description\" content=\"Vi er altid p\u00e5 jagt efter ambiti\u00f8se, disciplinerede og samarbejdsorienterede medarbejdere. Hvis det passer p\u00e5 dig, vil vi gerne h\u00f8re fra dig.\" \/>\n<meta property=\"og:url\" content=\"https:\/\/it34.com\/da\/karriere\/\" \/>\n<meta property=\"og:site_name\" content=\"IT34\" \/>\n<meta property=\"article:modified_time\" content=\"2024-02-08T13:44:30+00:00\" \/>\n<meta name=\"twitter:card\" content=\"summary_large_image\" \/>\n<meta name=\"twitter:label1\" content=\"Estimeret l\u00e6setid\" \/>\n\t<meta name=\"twitter:data1\" content=\"7 minutter\" \/>\n<script type=\"application\/ld+json\" class=\"yoast-schema-graph\">{\"@context\":\"https:\\\/\\\/schema.org\",\"@graph\":[{\"@type\":\"WebPage\",\"@id\":\"https:\\\/\\\/it34.com\\\/da\\\/karriere\\\/\",\"url\":\"https:\\\/\\\/it34.com\\\/da\\\/karriere\\\/\",\"name\":\"Karriere hos IT34 - Bliv en del af vores talentprogram\",\"isPartOf\":{\"@id\":\"https:\\\/\\\/it34.com\\\/da\\\/#website\"},\"datePublished\":\"2017-08-09T12:58:18+00:00\",\"dateModified\":\"2024-02-08T13:44:30+00:00\",\"description\":\"Vi er altid p\u00e5 jagt efter ambiti\u00f8se, disciplinerede og samarbejdsorienterede medarbejdere. Hvis det passer p\u00e5 dig, vil vi gerne h\u00f8re fra dig.\",\"breadcrumb\":{\"@id\":\"https:\\\/\\\/it34.com\\\/da\\\/karriere\\\/#breadcrumb\"},\"inLanguage\":\"da-DK\",\"potentialAction\":[{\"@type\":\"ReadAction\",\"target\":[\"https:\\\/\\\/it34.com\\\/da\\\/karriere\\\/\"]}]},{\"@type\":\"BreadcrumbList\",\"@id\":\"https:\\\/\\\/it34.com\\\/da\\\/karriere\\\/#breadcrumb\",\"itemListElement\":[{\"@type\":\"ListItem\",\"position\":1,\"name\":\"Home\",\"item\":\"https:\\\/\\\/it34.com\\\/da\\\/\"},{\"@type\":\"ListItem\",\"position\":2,\"name\":\"Karriere\"}]},{\"@type\":\"WebSite\",\"@id\":\"https:\\\/\\\/it34.com\\\/da\\\/#website\",\"url\":\"https:\\\/\\\/it34.com\\\/da\\\/\",\"name\":\"IT34\",\"description\":\"IT34 makes it possible\",\"publisher\":{\"@id\":\"https:\\\/\\\/it34.com\\\/da\\\/#organization\"},\"potentialAction\":[{\"@type\":\"SearchAction\",\"target\":{\"@type\":\"EntryPoint\",\"urlTemplate\":\"https:\\\/\\\/it34.com\\\/da\\\/?s={search_term_string}\"},\"query-input\":{\"@type\":\"PropertyValueSpecification\",\"valueRequired\":true,\"valueName\":\"search_term_string\"}}],\"inLanguage\":\"da-DK\"},{\"@type\":\"Organization\",\"@id\":\"https:\\\/\\\/it34.com\\\/da\\\/#organization\",\"name\":\"IT34\",\"url\":\"https:\\\/\\\/it34.com\\\/da\\\/\",\"logo\":{\"@type\":\"ImageObject\",\"inLanguage\":\"da-DK\",\"@id\":\"https:\\\/\\\/it34.com\\\/da\\\/#\\\/schema\\\/logo\\\/image\\\/\",\"url\":\"https:\\\/\\\/it34.com\\\/wp-content\\\/uploads\\\/2024\\\/01\\\/cropped-it34.png\",\"contentUrl\":\"https:\\\/\\\/it34.com\\\/wp-content\\\/uploads\\\/2024\\\/01\\\/cropped-it34.png\",\"width\":512,\"height\":512,\"caption\":\"IT34\"},\"image\":{\"@id\":\"https:\\\/\\\/it34.com\\\/da\\\/#\\\/schema\\\/logo\\\/image\\\/\"},\"sameAs\":[\"https:\\\/\\\/www.linkedin.com\\\/company\\\/74469087\\\/admin\\\/feed\\\/posts\\\/\"]}]}<\/script>\n<!-- \/ Yoast SEO plugin. -->","yoast_head_json":{"title":"Karriere hos IT34 - Bliv en del af vores talentprogram","description":"Vi er altid p\u00e5 jagt efter ambiti\u00f8se, disciplinerede og samarbejdsorienterede medarbejdere. Hvis det passer p\u00e5 dig, vil vi gerne h\u00f8re fra dig.","robots":{"index":"index","follow":"follow","max-snippet":"max-snippet:-1","max-image-preview":"max-image-preview:large","max-video-preview":"max-video-preview:-1"},"canonical":"https:\/\/it34.com\/da\/karriere\/","og_locale":"da_DK","og_type":"article","og_title":"Karriere hos IT34 - Bliv en del af vores talentprogram","og_description":"Vi er altid p\u00e5 jagt efter ambiti\u00f8se, disciplinerede og samarbejdsorienterede medarbejdere. Hvis det passer p\u00e5 dig, vil vi gerne h\u00f8re fra dig.","og_url":"https:\/\/it34.com\/da\/karriere\/","og_site_name":"IT34","article_modified_time":"2024-02-08T13:44:30+00:00","twitter_card":"summary_large_image","twitter_misc":{"Estimeret l\u00e6setid":"7 minutter"},"schema":{"@context":"https:\/\/schema.org","@graph":[{"@type":"WebPage","@id":"https:\/\/it34.com\/da\/karriere\/","url":"https:\/\/it34.com\/da\/karriere\/","name":"Karriere hos IT34 - Bliv en del af vores talentprogram","isPartOf":{"@id":"https:\/\/it34.com\/da\/#website"},"datePublished":"2017-08-09T12:58:18+00:00","dateModified":"2024-02-08T13:44:30+00:00","description":"Vi er altid p\u00e5 jagt efter ambiti\u00f8se, disciplinerede og samarbejdsorienterede medarbejdere. Hvis det passer p\u00e5 dig, vil vi gerne h\u00f8re fra dig.","breadcrumb":{"@id":"https:\/\/it34.com\/da\/karriere\/#breadcrumb"},"inLanguage":"da-DK","potentialAction":[{"@type":"ReadAction","target":["https:\/\/it34.com\/da\/karriere\/"]}]},{"@type":"BreadcrumbList","@id":"https:\/\/it34.com\/da\/karriere\/#breadcrumb","itemListElement":[{"@type":"ListItem","position":1,"name":"Home","item":"https:\/\/it34.com\/da\/"},{"@type":"ListItem","position":2,"name":"Karriere"}]},{"@type":"WebSite","@id":"https:\/\/it34.com\/da\/#website","url":"https:\/\/it34.com\/da\/","name":"IT34","description":"IT34 makes it possible","publisher":{"@id":"https:\/\/it34.com\/da\/#organization"},"potentialAction":[{"@type":"SearchAction","target":{"@type":"EntryPoint","urlTemplate":"https:\/\/it34.com\/da\/?s={search_term_string}"},"query-input":{"@type":"PropertyValueSpecification","valueRequired":true,"valueName":"search_term_string"}}],"inLanguage":"da-DK"},{"@type":"Organization","@id":"https:\/\/it34.com\/da\/#organization","name":"IT34","url":"https:\/\/it34.com\/da\/","logo":{"@type":"ImageObject","inLanguage":"da-DK","@id":"https:\/\/it34.com\/da\/#\/schema\/logo\/image\/","url":"https:\/\/it34.com\/wp-content\/uploads\/2024\/01\/cropped-it34.png","contentUrl":"https:\/\/it34.com\/wp-content\/uploads\/2024\/01\/cropped-it34.png","width":512,"height":512,"caption":"IT34"},"image":{"@id":"https:\/\/it34.com\/da\/#\/schema\/logo\/image\/"},"sameAs":["https:\/\/www.linkedin.com\/company\/74469087\/admin\/feed\/posts\/"]}]}},"_links":{"self":[{"href":"https:\/\/it34.com\/da\/wp-json\/wp\/v2\/pages\/486","targetHints":{"allow":["GET"]}}],"collection":[{"href":"https:\/\/it34.com\/da\/wp-json\/wp\/v2\/pages"}],"about":[{"href":"https:\/\/it34.com\/da\/wp-json\/wp\/v2\/types\/page"}],"author":[{"embeddable":true,"href":"https:\/\/it34.com\/da\/wp-json\/wp\/v2\/users\/2"}],"replies":[{"embeddable":true,"href":"https:\/\/it34.com\/da\/wp-json\/wp\/v2\/comments?post=486"}],"version-history":[{"count":2,"href":"https:\/\/it34.com\/da\/wp-json\/wp\/v2\/pages\/486\/revisions"}],"predecessor-version":[{"id":6487,"href":"https:\/\/it34.com\/da\/wp-json\/wp\/v2\/pages\/486\/revisions\/6487"}],"wp:attachment":[{"href":"https:\/\/it34.com\/da\/wp-json\/wp\/v2\/media?parent=486"}],"curies":[{"name":"wp","href":"https:\/\/api.w.org\/{rel}","templated":true}]}}