{"id":538,"date":"2023-10-30T09:03:48","date_gmt":"2023-10-30T08:03:48","guid":{"rendered":"https:\/\/it34.com\/smartsurvey-november2023\/"},"modified":"2024-02-29T15:13:35","modified_gmt":"2024-02-29T14:13:35","slug":"smartsurvey-november2023","status":"publish","type":"page","link":"https:\/\/it34.com\/da\/smartsurvey-november2023\/","title":{"rendered":"Ny opdatering med betydelige \u00e6ndringer i m\u00e5den, vi viser data i SmartSurvey\u2122 p\u00e5"},"content":{"rendered":"<p>Modtag nyheder om SmartSurvey<\/p>\n<p>Relaterede ydelser<br \/>\nPointView\u00ae<\/p>\n<p>Nyhedsbrev, 10.11.2023<br \/>\nI l\u00f8bet af sommeren har vi opdateret SmartSurvey\u2122-appen og moderniseret hele vores databehandlingssystem. Vi har omskrevet vores backend og foretaget betydelige \u00e6ndringer i m\u00e5den, vi viser dine data i SmartSurvey\u2122 p\u00e5. Alt sammen for at \u00f8ge brugervenligheden og for at sikre p\u00e5lideligheden af dine data.<\/p>\n<p>Hvad er det nye?<br \/>\nVi har lyttet til jeres feedback og har derfor implementeret betydelige \u00e6ndringer i den m\u00e5de, vores SmartSurvey\u2122-app forbinder og bruger Trimble Catalyst DA2-antennen p\u00e5. Den seneste tid har vi fokuseret p\u00e5 at forbedre forbindelsesstabiliteten og give mere omfattende feedback under dataindsamlingen.<br \/>\nMed den nyeste opdatering af SmartSurvey\u2122 har vi fuldst\u00e6ndig omskrevet den m\u00e5de, data h\u00e5ndteres og behandles p\u00e5, for at sikre en hurtigere, mere p\u00e5lidelig og stabil databehandling. N\u00e5r du har indsamlet dine data og uploadet dem til behandling p\u00e5 vores servere, g\u00e5r vi\u00a0 igang med en grundig databehandlingsprocedure, der har til form\u00e5l at \u00f8ge p\u00e5lideligheden af dine data indsamlet med SmartSurvey\u2122.<br \/>\nP\u00e5 vores online platform PointView\u00ae har vi sidel\u00f8bende introduceret to innovative v\u00e6rkt\u00f8jer, der er specielt designet til pr\u00e6cis volumenm\u00e5ling og vurdering af r\u00f8rledningsdiameter med SmartSurvey\u2122.<\/p>\n<p>Har du sp\u00f8rgsm\u00e5l, feedback eller forslag til forbedring? Kontakt os her<\/p>\n<p>Ny feature: Beregn radius og diameter p\u00e5 en r\u00f8rledning med kun fire klik<br \/>\nSom du m\u00e5ske ved, integrerer SmartSurvey\u2122 s\u00f8ml\u00f8st med PointView\u00ae, vores webbaserede l\u00f8sning til at udveksle og arbejde i punktskyer, 3D-modeller og detaljerede interaktive kort.<br \/>\nArbejdet med l\u00f8bende at forbedre og vedligeholde integrationen forbliver fokuseret og intakt.<br \/>\nDerfor har vi i den seneste version introduceret et brugervenligt v\u00e6rkt\u00f8j, der g\u00f8r det nemt og hurtigt at m\u00e5le diameter p\u00e5 en r\u00f8rledning med kun fire klik.<\/p>\n<p>Ny feature: Digitaliser et omr\u00e5de, og f\u00e5 beregnet volumen direkte i SmartSurvey\u2122<br \/>\nDenne funktion har konsekvent v\u00e6ret blandt de mest efterspurgte hos vores brugere. Derfor er vi glade for at annoncere implementeringen af netop denne funktion.<br \/>\nSelvom den kommende version af SmartSurvey\u2122 vil bringe forbedringer af funktionen, tilbyder den nuv\u00e6rende iteration en enest\u00e5ende funktionalitet og brugervenlighed til at udtr\u00e6kke volumendata fra enhver sektion i en punktsky. I tilf\u00e6lde af, at det \u00f8nskede omr\u00e5de ikke er n\u00f8jagtigt indfanget, kan du nemt justere punktpositionerne og udl\u00f8se en &#8220;genberegn&#8221;-kommando. Det f\u00f8rer til en automatisk opdatering af din volumenberegning.<\/p>\n<p>Unikke funktioner i SmartSurvey\u2122<br \/>\nSmartSurvey\u2122 har til form\u00e5l at tilbyde en ubesv\u00e6ret metode til at skabe en meget pr\u00e6cis digital tvilling af anl\u00e6gshuller og ledningsgrave. Ved at tage en simpel videooptagelse med din mobiltelefon genererer SmartSurvey\u2122 en omfattende dokumentation af omr\u00e5det. Alle billeder fra videofilen er efterf\u00f8lgende let tilg\u00e6ngelige for detaljeret inspektion.<br \/>\nSmartSurvey\u2122 kan tilpasses til forskellige anvendelser afh\u00e6ngigt af dine krav til n\u00f8jagtighed. Beslutningen om, hvilken indsamlingstype du vil bruge, og dermed hvilket pr\u00e6cisionsniveau, du \u00f8nsker, ligger derfor helt i dine h\u00e6nder.<br \/>\nDe kommende opdateringer vil forts\u00e6tte udviklingen af ovenst\u00e5ende forbedringer, introducere nye sp\u00e6ndende funktioner og \u00f8ge brugervenligheden, s\u00e5 du f\u00e5r den optimale brugeroplevelse.<\/p>\n<p>Kontakt eksperterne<\/p>\n<p>Rasmus Lindeneg Johansen<\/p>\n","protected":false},"excerpt":{"rendered":"<p>Modtag nyheder om SmartSurvey Relaterede ydelser PointView\u00ae Nyhedsbrev, 10.11.2023 I l\u00f8bet af sommeren har vi opdateret SmartSurvey\u2122-appen og moderniseret hele vores databehandlingssystem. Vi har omskrevet vores backend og foretaget betydelige \u00e6ndringer i m\u00e5den, vi viser dine data i SmartSurvey\u2122 p\u00e5. Alt sammen for at \u00f8ge brugervenligheden og for at sikre p\u00e5lideligheden af dine data. Hvad [&hellip;]<\/p>\n","protected":false},"author":2,"featured_media":0,"parent":0,"menu_order":0,"comment_status":"closed","ping_status":"closed","template":"","meta":{"_acf_changed":false,"footnotes":""},"class_list":["post-538","page","type-page","status-publish","hentry"],"acf":[],"yoast_head":"<!-- This site is optimized with the Yoast SEO plugin v27.5 - https:\/\/yoast.com\/product\/yoast-seo-wordpress\/ -->\n<title>SmartSurvey\u2122 - Nyhedsbrev november 2023<\/title>\n<meta name=\"description\" content=\"Vi har foretaget \u00e6ndringer i m\u00e5den, vi viser dine data i SmartSurvey\u2122 p\u00e5. Alt sammen for at \u00f8ge brugervenligheden og p\u00e5lideligheden af data.\" \/>\n<meta name=\"robots\" content=\"index, follow, max-snippet:-1, max-image-preview:large, max-video-preview:-1\" \/>\n<link rel=\"canonical\" href=\"https:\/\/it34.com\/da\/smartsurvey-november2023\/\" \/>\n<meta property=\"og:locale\" content=\"da_DK\" \/>\n<meta property=\"og:type\" content=\"article\" \/>\n<meta property=\"og:title\" content=\"SmartSurvey\u2122 - Nyhedsbrev november 2023\" \/>\n<meta property=\"og:description\" content=\"Vi har foretaget \u00e6ndringer i m\u00e5den, vi viser dine data i SmartSurvey\u2122 p\u00e5. Alt sammen for at \u00f8ge brugervenligheden og p\u00e5lideligheden af data.\" \/>\n<meta property=\"og:url\" content=\"https:\/\/it34.com\/da\/smartsurvey-november2023\/\" \/>\n<meta property=\"og:site_name\" content=\"IT34\" \/>\n<meta property=\"article:modified_time\" content=\"2024-02-29T14:13:35+00:00\" \/>\n<meta name=\"twitter:card\" content=\"summary_large_image\" \/>\n<meta name=\"twitter:label1\" content=\"Estimeret l\u00e6setid\" \/>\n\t<meta name=\"twitter:data1\" content=\"7 minutter\" \/>\n<script type=\"application\/ld+json\" class=\"yoast-schema-graph\">{\"@context\":\"https:\\\/\\\/schema.org\",\"@graph\":[{\"@type\":\"WebPage\",\"@id\":\"https:\\\/\\\/it34.com\\\/da\\\/smartsurvey-november2023\\\/\",\"url\":\"https:\\\/\\\/it34.com\\\/da\\\/smartsurvey-november2023\\\/\",\"name\":\"SmartSurvey\u2122 - Nyhedsbrev november 2023\",\"isPartOf\":{\"@id\":\"https:\\\/\\\/it34.com\\\/da\\\/#website\"},\"datePublished\":\"2023-10-30T08:03:48+00:00\",\"dateModified\":\"2024-02-29T14:13:35+00:00\",\"description\":\"Vi har foretaget \u00e6ndringer i m\u00e5den, vi viser dine data i SmartSurvey\u2122 p\u00e5. Alt sammen for at \u00f8ge brugervenligheden og p\u00e5lideligheden af data.\",\"breadcrumb\":{\"@id\":\"https:\\\/\\\/it34.com\\\/da\\\/smartsurvey-november2023\\\/#breadcrumb\"},\"inLanguage\":\"da-DK\",\"potentialAction\":[{\"@type\":\"ReadAction\",\"target\":[\"https:\\\/\\\/it34.com\\\/da\\\/smartsurvey-november2023\\\/\"]}]},{\"@type\":\"BreadcrumbList\",\"@id\":\"https:\\\/\\\/it34.com\\\/da\\\/smartsurvey-november2023\\\/#breadcrumb\",\"itemListElement\":[{\"@type\":\"ListItem\",\"position\":1,\"name\":\"Home\",\"item\":\"https:\\\/\\\/it34.com\\\/da\\\/\"},{\"@type\":\"ListItem\",\"position\":2,\"name\":\"Ny opdatering med betydelige \u00e6ndringer i m\u00e5den, vi viser data i SmartSurvey\u2122 p\u00e5\"}]},{\"@type\":\"WebSite\",\"@id\":\"https:\\\/\\\/it34.com\\\/da\\\/#website\",\"url\":\"https:\\\/\\\/it34.com\\\/da\\\/\",\"name\":\"IT34\",\"description\":\"IT34 makes it possible\",\"publisher\":{\"@id\":\"https:\\\/\\\/it34.com\\\/da\\\/#organization\"},\"potentialAction\":[{\"@type\":\"SearchAction\",\"target\":{\"@type\":\"EntryPoint\",\"urlTemplate\":\"https:\\\/\\\/it34.com\\\/da\\\/?s={search_term_string}\"},\"query-input\":{\"@type\":\"PropertyValueSpecification\",\"valueRequired\":true,\"valueName\":\"search_term_string\"}}],\"inLanguage\":\"da-DK\"},{\"@type\":\"Organization\",\"@id\":\"https:\\\/\\\/it34.com\\\/da\\\/#organization\",\"name\":\"IT34\",\"url\":\"https:\\\/\\\/it34.com\\\/da\\\/\",\"logo\":{\"@type\":\"ImageObject\",\"inLanguage\":\"da-DK\",\"@id\":\"https:\\\/\\\/it34.com\\\/da\\\/#\\\/schema\\\/logo\\\/image\\\/\",\"url\":\"https:\\\/\\\/it34.com\\\/wp-content\\\/uploads\\\/2024\\\/01\\\/cropped-it34.png\",\"contentUrl\":\"https:\\\/\\\/it34.com\\\/wp-content\\\/uploads\\\/2024\\\/01\\\/cropped-it34.png\",\"width\":512,\"height\":512,\"caption\":\"IT34\"},\"image\":{\"@id\":\"https:\\\/\\\/it34.com\\\/da\\\/#\\\/schema\\\/logo\\\/image\\\/\"},\"sameAs\":[\"https:\\\/\\\/www.linkedin.com\\\/company\\\/74469087\\\/admin\\\/feed\\\/posts\\\/\"]}]}<\/script>\n<!-- \/ Yoast SEO plugin. -->","yoast_head_json":{"title":"SmartSurvey\u2122 - Nyhedsbrev november 2023","description":"Vi har foretaget \u00e6ndringer i m\u00e5den, vi viser dine data i SmartSurvey\u2122 p\u00e5. Alt sammen for at \u00f8ge brugervenligheden og p\u00e5lideligheden af data.","robots":{"index":"index","follow":"follow","max-snippet":"max-snippet:-1","max-image-preview":"max-image-preview:large","max-video-preview":"max-video-preview:-1"},"canonical":"https:\/\/it34.com\/da\/smartsurvey-november2023\/","og_locale":"da_DK","og_type":"article","og_title":"SmartSurvey\u2122 - Nyhedsbrev november 2023","og_description":"Vi har foretaget \u00e6ndringer i m\u00e5den, vi viser dine data i SmartSurvey\u2122 p\u00e5. Alt sammen for at \u00f8ge brugervenligheden og p\u00e5lideligheden af data.","og_url":"https:\/\/it34.com\/da\/smartsurvey-november2023\/","og_site_name":"IT34","article_modified_time":"2024-02-29T14:13:35+00:00","twitter_card":"summary_large_image","twitter_misc":{"Estimeret l\u00e6setid":"7 minutter"},"schema":{"@context":"https:\/\/schema.org","@graph":[{"@type":"WebPage","@id":"https:\/\/it34.com\/da\/smartsurvey-november2023\/","url":"https:\/\/it34.com\/da\/smartsurvey-november2023\/","name":"SmartSurvey\u2122 - Nyhedsbrev november 2023","isPartOf":{"@id":"https:\/\/it34.com\/da\/#website"},"datePublished":"2023-10-30T08:03:48+00:00","dateModified":"2024-02-29T14:13:35+00:00","description":"Vi har foretaget \u00e6ndringer i m\u00e5den, vi viser dine data i SmartSurvey\u2122 p\u00e5. Alt sammen for at \u00f8ge brugervenligheden og p\u00e5lideligheden af data.","breadcrumb":{"@id":"https:\/\/it34.com\/da\/smartsurvey-november2023\/#breadcrumb"},"inLanguage":"da-DK","potentialAction":[{"@type":"ReadAction","target":["https:\/\/it34.com\/da\/smartsurvey-november2023\/"]}]},{"@type":"BreadcrumbList","@id":"https:\/\/it34.com\/da\/smartsurvey-november2023\/#breadcrumb","itemListElement":[{"@type":"ListItem","position":1,"name":"Home","item":"https:\/\/it34.com\/da\/"},{"@type":"ListItem","position":2,"name":"Ny opdatering med betydelige \u00e6ndringer i m\u00e5den, vi viser data i SmartSurvey\u2122 p\u00e5"}]},{"@type":"WebSite","@id":"https:\/\/it34.com\/da\/#website","url":"https:\/\/it34.com\/da\/","name":"IT34","description":"IT34 makes it possible","publisher":{"@id":"https:\/\/it34.com\/da\/#organization"},"potentialAction":[{"@type":"SearchAction","target":{"@type":"EntryPoint","urlTemplate":"https:\/\/it34.com\/da\/?s={search_term_string}"},"query-input":{"@type":"PropertyValueSpecification","valueRequired":true,"valueName":"search_term_string"}}],"inLanguage":"da-DK"},{"@type":"Organization","@id":"https:\/\/it34.com\/da\/#organization","name":"IT34","url":"https:\/\/it34.com\/da\/","logo":{"@type":"ImageObject","inLanguage":"da-DK","@id":"https:\/\/it34.com\/da\/#\/schema\/logo\/image\/","url":"https:\/\/it34.com\/wp-content\/uploads\/2024\/01\/cropped-it34.png","contentUrl":"https:\/\/it34.com\/wp-content\/uploads\/2024\/01\/cropped-it34.png","width":512,"height":512,"caption":"IT34"},"image":{"@id":"https:\/\/it34.com\/da\/#\/schema\/logo\/image\/"},"sameAs":["https:\/\/www.linkedin.com\/company\/74469087\/admin\/feed\/posts\/"]}]}},"_links":{"self":[{"href":"https:\/\/it34.com\/da\/wp-json\/wp\/v2\/pages\/538","targetHints":{"allow":["GET"]}}],"collection":[{"href":"https:\/\/it34.com\/da\/wp-json\/wp\/v2\/pages"}],"about":[{"href":"https:\/\/it34.com\/da\/wp-json\/wp\/v2\/types\/page"}],"author":[{"embeddable":true,"href":"https:\/\/it34.com\/da\/wp-json\/wp\/v2\/users\/2"}],"replies":[{"embeddable":true,"href":"https:\/\/it34.com\/da\/wp-json\/wp\/v2\/comments?post=538"}],"version-history":[{"count":8,"href":"https:\/\/it34.com\/da\/wp-json\/wp\/v2\/pages\/538\/revisions"}],"predecessor-version":[{"id":6540,"href":"https:\/\/it34.com\/da\/wp-json\/wp\/v2\/pages\/538\/revisions\/6540"}],"wp:attachment":[{"href":"https:\/\/it34.com\/da\/wp-json\/wp\/v2\/media?parent=538"}],"curies":[{"name":"wp","href":"https:\/\/api.w.org\/{rel}","templated":true}]}}