{"id":550,"date":"2017-07-18T04:16:49","date_gmt":"2017-07-18T03:16:49","guid":{"rendered":"https:\/\/it34.com\/om-os\/"},"modified":"2025-05-19T13:30:18","modified_gmt":"2025-05-19T12:30:18","slug":"om-os","status":"publish","type":"page","link":"https:\/\/it34.com\/da\/om-os\/","title":{"rendered":"Om os"},"content":{"rendered":"<p>Frank Rasmussen, Forretningsansvarlig, IT34:<br \/>\n\u201cN\u00e5r man forener hardcore udviklingskompetencer, IT-kompetencer og GIS-kompetencer, sker der noget virkelig sp\u00e6ndende. Vores viden om stedf\u00e6stede data er baggrunden. Vores brugeres behov er drivkraften. Og med vores IT-kompetencer bliver nye, meningsfulde helhedsl\u00f8sninger mulige.\u201d<\/p>\n<p>Intelligent totalr\u00e5dgivning<br \/>\nIT34 samler IT-infrastruktur, r\u00e5dgivning og udvikling \u00e9t sted. Fra support og hosting til indk\u00f8bsr\u00e5dgivning og aftaleforhandling. Fra udvikling og UX til sikkerhed og antivirus. Og fra GIS- og CAD-l\u00f8sninger til netv\u00e6rk og servere. Vores specialister d\u00e6kker det hele.<\/p>\n<p>Solide r\u00f8dder<br \/>\nVi er landinspekt\u00f8rfirmaet LE34\u2019s digitale tvilling. P\u00e5 \u00e9n gang ung og gammel. Vi har arven fra kortdata, registerdata og GIS med os og har skabt en unik hybrid med IT- og udviklingskompetencer i front.\u00a0<\/p>\n<p>Bedre sammen<br \/>\nIT34 er opst\u00e5et som en naturlig respons p\u00e5 det potentiale, vores r\u00f8dder i kortdata, dataindsamling og GIS rummer. Vi tror p\u00e5, at de bedste l\u00f8sninger opst\u00e5r, n\u00e5r vi arbejder p\u00e5 tv\u00e6rs af fagligheder og forst\u00e5r at udnytte hinandens ekspertiser.<br \/>\nResultatet er en helhedsl\u00f8sning, som indeholder alt fra kodning og programmering til levering af hardware, hosting l\u00f8sninger og support. P\u00e5 den m\u00e5de undg\u00e5r vores kunder huller i deres setup, og vi kan levere en s\u00f8ml\u00f8s ydelse fra f\u00f8rste id\u00e9 til implementeret l\u00f8sning.<\/p>\n<p>Corporate Social Responsibility<br \/>\nVi mener, vores faglighed og privilegier forpligter. Derfor arbejder vi hver dag for at identificere omr\u00e5der, hvor vores l\u00f8sninger og erfaringer kan v\u00e6re med til at bek\u00e6mpe verdens udfordringer. Senest er vores app FieldGIS\u2122 med p\u00e5 et projekt i Tema i Ghana, hvor appen bruges til at registrere og kortl\u00e6gge, hvad der findes af br\u00f8nde og kloakledninger. Disse data danner grundlaget for en renovering og udbygning af kloaksystemet, som skal sikre befolkningen mod sygdom, oversv\u00f8mmelser og milj\u00f8m\u00e6ssige konsekvenser. IT34 hoster naturligvis de opsamlede data p\u00e5 projektet.\u00a0<br \/>\n\u00a0<\/p>\n<p>F\u00e5 mere at vide<br \/>\nKontakt os<br \/>\nKontakt Frank Rasmussen, hvis du er interesseret i at h\u00f8re mere om, hvordan vi kan hj\u00e6lpe dig.<br \/>\nFrank Rasmussen<br \/>\nCTO, Forretningsansvarlig<br \/>\n\u00a0<\/p>\n<p>Send mail til Frank Rasmussen<\/p>\n","protected":false},"excerpt":{"rendered":"<p>Frank Rasmussen, Forretningsansvarlig, IT34: \u201cN\u00e5r man forener hardcore udviklingskompetencer, IT-kompetencer og GIS-kompetencer, sker der noget virkelig sp\u00e6ndende. Vores viden om stedf\u00e6stede data er baggrunden. Vores brugeres behov er drivkraften. Og med vores IT-kompetencer bliver nye, meningsfulde helhedsl\u00f8sninger mulige.\u201d Intelligent totalr\u00e5dgivning IT34 samler IT-infrastruktur, r\u00e5dgivning og udvikling \u00e9t sted. Fra support og hosting til indk\u00f8bsr\u00e5dgivning og [&hellip;]<\/p>\n","protected":false},"author":2,"featured_media":0,"parent":0,"menu_order":0,"comment_status":"closed","ping_status":"closed","template":"","meta":{"_acf_changed":false,"footnotes":""},"class_list":["post-550","page","type-page","status-publish","hentry"],"acf":[],"yoast_head":"<!-- This site is optimized with the Yoast SEO plugin v27.5 - https:\/\/yoast.com\/product\/yoast-seo-wordpress\/ -->\n<title>Om IT34 - Landinspekt\u00f8rfirmaet LE34\u2019s digitale tvilling<\/title>\n<meta name=\"description\" content=\"Vi har 30 \u00e5rs erfaring med digitale l\u00f8sninger til offentlige og private sektorer kombineret med 50 \u00e5rs erfaring i geografiske data, systemer og registre.\" \/>\n<meta name=\"robots\" content=\"index, follow, max-snippet:-1, max-image-preview:large, max-video-preview:-1\" \/>\n<link rel=\"canonical\" href=\"https:\/\/it34.com\/da\/om-os\/\" \/>\n<meta property=\"og:locale\" content=\"da_DK\" \/>\n<meta property=\"og:type\" content=\"article\" \/>\n<meta property=\"og:title\" content=\"Om IT34 - Landinspekt\u00f8rfirmaet LE34\u2019s digitale tvilling\" \/>\n<meta property=\"og:description\" content=\"Vi har 30 \u00e5rs erfaring med digitale l\u00f8sninger til offentlige og private sektorer kombineret med 50 \u00e5rs erfaring i geografiske data, systemer og registre.\" \/>\n<meta property=\"og:url\" content=\"https:\/\/it34.com\/da\/om-os\/\" \/>\n<meta property=\"og:site_name\" content=\"IT34\" \/>\n<meta property=\"article:modified_time\" content=\"2025-05-19T12:30:18+00:00\" \/>\n<meta name=\"twitter:card\" content=\"summary_large_image\" \/>\n<meta name=\"twitter:label1\" content=\"Estimeret l\u00e6setid\" \/>\n\t<meta name=\"twitter:data1\" content=\"6 minutter\" \/>\n<script type=\"application\/ld+json\" class=\"yoast-schema-graph\">{\"@context\":\"https:\\\/\\\/schema.org\",\"@graph\":[{\"@type\":\"WebPage\",\"@id\":\"https:\\\/\\\/it34.com\\\/da\\\/om-os\\\/\",\"url\":\"https:\\\/\\\/it34.com\\\/da\\\/om-os\\\/\",\"name\":\"Om IT34 - Landinspekt\u00f8rfirmaet LE34\u2019s digitale tvilling\",\"isPartOf\":{\"@id\":\"https:\\\/\\\/it34.com\\\/da\\\/#website\"},\"datePublished\":\"2017-07-18T03:16:49+00:00\",\"dateModified\":\"2025-05-19T12:30:18+00:00\",\"description\":\"Vi har 30 \u00e5rs erfaring med digitale l\u00f8sninger til offentlige og private sektorer kombineret med 50 \u00e5rs erfaring i geografiske data, systemer og registre.\",\"breadcrumb\":{\"@id\":\"https:\\\/\\\/it34.com\\\/da\\\/om-os\\\/#breadcrumb\"},\"inLanguage\":\"da-DK\",\"potentialAction\":[{\"@type\":\"ReadAction\",\"target\":[\"https:\\\/\\\/it34.com\\\/da\\\/om-os\\\/\"]}]},{\"@type\":\"BreadcrumbList\",\"@id\":\"https:\\\/\\\/it34.com\\\/da\\\/om-os\\\/#breadcrumb\",\"itemListElement\":[{\"@type\":\"ListItem\",\"position\":1,\"name\":\"Home\",\"item\":\"https:\\\/\\\/it34.com\\\/da\\\/\"},{\"@type\":\"ListItem\",\"position\":2,\"name\":\"Om os\"}]},{\"@type\":\"WebSite\",\"@id\":\"https:\\\/\\\/it34.com\\\/da\\\/#website\",\"url\":\"https:\\\/\\\/it34.com\\\/da\\\/\",\"name\":\"IT34\",\"description\":\"IT34 makes it possible\",\"publisher\":{\"@id\":\"https:\\\/\\\/it34.com\\\/da\\\/#organization\"},\"potentialAction\":[{\"@type\":\"SearchAction\",\"target\":{\"@type\":\"EntryPoint\",\"urlTemplate\":\"https:\\\/\\\/it34.com\\\/da\\\/?s={search_term_string}\"},\"query-input\":{\"@type\":\"PropertyValueSpecification\",\"valueRequired\":true,\"valueName\":\"search_term_string\"}}],\"inLanguage\":\"da-DK\"},{\"@type\":\"Organization\",\"@id\":\"https:\\\/\\\/it34.com\\\/da\\\/#organization\",\"name\":\"IT34\",\"url\":\"https:\\\/\\\/it34.com\\\/da\\\/\",\"logo\":{\"@type\":\"ImageObject\",\"inLanguage\":\"da-DK\",\"@id\":\"https:\\\/\\\/it34.com\\\/da\\\/#\\\/schema\\\/logo\\\/image\\\/\",\"url\":\"https:\\\/\\\/it34.com\\\/wp-content\\\/uploads\\\/2024\\\/01\\\/cropped-it34.png\",\"contentUrl\":\"https:\\\/\\\/it34.com\\\/wp-content\\\/uploads\\\/2024\\\/01\\\/cropped-it34.png\",\"width\":512,\"height\":512,\"caption\":\"IT34\"},\"image\":{\"@id\":\"https:\\\/\\\/it34.com\\\/da\\\/#\\\/schema\\\/logo\\\/image\\\/\"},\"sameAs\":[\"https:\\\/\\\/www.linkedin.com\\\/company\\\/74469087\\\/admin\\\/feed\\\/posts\\\/\"]}]}<\/script>\n<!-- \/ Yoast SEO plugin. -->","yoast_head_json":{"title":"Om IT34 - Landinspekt\u00f8rfirmaet LE34\u2019s digitale tvilling","description":"Vi har 30 \u00e5rs erfaring med digitale l\u00f8sninger til offentlige og private sektorer kombineret med 50 \u00e5rs erfaring i geografiske data, systemer og registre.","robots":{"index":"index","follow":"follow","max-snippet":"max-snippet:-1","max-image-preview":"max-image-preview:large","max-video-preview":"max-video-preview:-1"},"canonical":"https:\/\/it34.com\/da\/om-os\/","og_locale":"da_DK","og_type":"article","og_title":"Om IT34 - Landinspekt\u00f8rfirmaet LE34\u2019s digitale tvilling","og_description":"Vi har 30 \u00e5rs erfaring med digitale l\u00f8sninger til offentlige og private sektorer kombineret med 50 \u00e5rs erfaring i geografiske data, systemer og registre.","og_url":"https:\/\/it34.com\/da\/om-os\/","og_site_name":"IT34","article_modified_time":"2025-05-19T12:30:18+00:00","twitter_card":"summary_large_image","twitter_misc":{"Estimeret l\u00e6setid":"6 minutter"},"schema":{"@context":"https:\/\/schema.org","@graph":[{"@type":"WebPage","@id":"https:\/\/it34.com\/da\/om-os\/","url":"https:\/\/it34.com\/da\/om-os\/","name":"Om IT34 - Landinspekt\u00f8rfirmaet LE34\u2019s digitale tvilling","isPartOf":{"@id":"https:\/\/it34.com\/da\/#website"},"datePublished":"2017-07-18T03:16:49+00:00","dateModified":"2025-05-19T12:30:18+00:00","description":"Vi har 30 \u00e5rs erfaring med digitale l\u00f8sninger til offentlige og private sektorer kombineret med 50 \u00e5rs erfaring i geografiske data, systemer og registre.","breadcrumb":{"@id":"https:\/\/it34.com\/da\/om-os\/#breadcrumb"},"inLanguage":"da-DK","potentialAction":[{"@type":"ReadAction","target":["https:\/\/it34.com\/da\/om-os\/"]}]},{"@type":"BreadcrumbList","@id":"https:\/\/it34.com\/da\/om-os\/#breadcrumb","itemListElement":[{"@type":"ListItem","position":1,"name":"Home","item":"https:\/\/it34.com\/da\/"},{"@type":"ListItem","position":2,"name":"Om os"}]},{"@type":"WebSite","@id":"https:\/\/it34.com\/da\/#website","url":"https:\/\/it34.com\/da\/","name":"IT34","description":"IT34 makes it possible","publisher":{"@id":"https:\/\/it34.com\/da\/#organization"},"potentialAction":[{"@type":"SearchAction","target":{"@type":"EntryPoint","urlTemplate":"https:\/\/it34.com\/da\/?s={search_term_string}"},"query-input":{"@type":"PropertyValueSpecification","valueRequired":true,"valueName":"search_term_string"}}],"inLanguage":"da-DK"},{"@type":"Organization","@id":"https:\/\/it34.com\/da\/#organization","name":"IT34","url":"https:\/\/it34.com\/da\/","logo":{"@type":"ImageObject","inLanguage":"da-DK","@id":"https:\/\/it34.com\/da\/#\/schema\/logo\/image\/","url":"https:\/\/it34.com\/wp-content\/uploads\/2024\/01\/cropped-it34.png","contentUrl":"https:\/\/it34.com\/wp-content\/uploads\/2024\/01\/cropped-it34.png","width":512,"height":512,"caption":"IT34"},"image":{"@id":"https:\/\/it34.com\/da\/#\/schema\/logo\/image\/"},"sameAs":["https:\/\/www.linkedin.com\/company\/74469087\/admin\/feed\/posts\/"]}]}},"_links":{"self":[{"href":"https:\/\/it34.com\/da\/wp-json\/wp\/v2\/pages\/550","targetHints":{"allow":["GET"]}}],"collection":[{"href":"https:\/\/it34.com\/da\/wp-json\/wp\/v2\/pages"}],"about":[{"href":"https:\/\/it34.com\/da\/wp-json\/wp\/v2\/types\/page"}],"author":[{"embeddable":true,"href":"https:\/\/it34.com\/da\/wp-json\/wp\/v2\/users\/2"}],"replies":[{"embeddable":true,"href":"https:\/\/it34.com\/da\/wp-json\/wp\/v2\/comments?post=550"}],"version-history":[{"count":4,"href":"https:\/\/it34.com\/da\/wp-json\/wp\/v2\/pages\/550\/revisions"}],"predecessor-version":[{"id":7849,"href":"https:\/\/it34.com\/da\/wp-json\/wp\/v2\/pages\/550\/revisions\/7849"}],"wp:attachment":[{"href":"https:\/\/it34.com\/da\/wp-json\/wp\/v2\/media?parent=550"}],"curies":[{"name":"wp","href":"https:\/\/api.w.org\/{rel}","templated":true}]}}