{"id":600,"date":"2023-11-10T08:44:02","date_gmt":"2023-11-10T07:44:02","guid":{"rendered":"https:\/\/it34.com\/pointview-november2023-3\/"},"modified":"2025-02-24T12:04:06","modified_gmt":"2025-02-24T11:04:06","slug":"pointview-november2023","status":"publish","type":"page","link":"https:\/\/it34.com\/da\/pointview-november2023\/","title":{"rendered":"Seneste opdatering af PointView\u00ae"},"content":{"rendered":"<p>Modtag nyheder om PointView<\/p>\n<p>Nyhedsbrev, 27.11.2023<br \/>\nPointView\u00ae er en webbaseret l\u00f8sning til h\u00e5ndtering, styring, visualisering og digitalisering af store m\u00e6ngder data fra forskellige kilder, som punktskyer, 3D-modeller og interaktive kort. L\u00f8sningen er designet til at h\u00e5ndtere data fra alle scannings- og billedplatforme \u2013 fra terrestrisk scanning og mobil mapping til multibeam og UAV-data.<br \/>\nI september lancerede vi en gennemgribende opdatering af platformen, og modtagelsen har kort sagt v\u00e6ret exceptionel.<\/p>\n<p>Hvad er det nye?<br \/>\nUdover at adressere adskillige fejlrettelser og styrke den overordnede systemstabilitet har vores fokus den seneste tid v\u00e6ret rettet mod at forbedre vores oversigtskort til at vise ortomosaikker. Grunden til, at vi forbereder os p\u00e5 at vise ortomosaik, er nemlig, at du nu kan behandle dine UAV-billeder direkte til en punktsky og snart til ortomosaik i PointView\u00ae.<br \/>\nSom et centralt element i vores vedligeholdelse af platformen har vi fokuseret p\u00e5 at forbedre oplevelsen, n\u00e5r vi h\u00e5ndterer dine data fra mobile mapping og indend\u00f8rs scanningsenheder.<br \/>\nBag kulisserne arbejder vi p\u00e5 at etablere grundlaget for en r\u00e6kke sp\u00e6ndende nye funktioner, der er planlagt til frigivelse de kommende m\u00e5neder, s\u00e5 du f\u00e5r den optimale brugeroplevelse ud af PointView\u00ae.<br \/>\n\u00a0<\/p>\n<p>Har du sp\u00f8rgsm\u00e5l, feedback eller forslag til forbedring? Kontakt os her<\/p>\n<p>Kernefunktion: Vis massive m\u00e6ngder af mobile mapping-data<br \/>\nEn af kernefunktionerne i PointView\u00ae er at g\u00f8re det nemt at arbejde med store datas\u00e6t p\u00e5 en ubesv\u00e6ret m\u00e5de. Mobile Mapping er en af de platforme, der indsamler enorme m\u00e6ngder data p\u00e5 kort tid. PointView\u00ae viser dataene problemfrit direkte i din browser.<br \/>\nSammenfattende tilbyder PointView\u00ae en omfattende l\u00f8sning til fagfolk, der besk\u00e6ftiger sig med Mobile Mapping, og l\u00f8sningen leverer de v\u00e6rkt\u00f8jer og funktioner, der er n\u00f8dvendige for effektiv datah\u00e5ndtering, visualisering og analyse i og uden for marken.<\/p>\n<p>Kernefunktion: Upload og arbejd med data fra indend\u00f8rs scanningsenheder<br \/>\nPointView\u00ae er en ideel platform til h\u00e5ndtering af data, der er indsamlet via indend\u00f8rs scanningsenheder, og tilbyder problemfri integration, avancerede visualiseringsv\u00e6rkt\u00f8jer og effektiv datasammenligning.<br \/>\nDen brugervenlige gr\u00e6nseflade letter analyse p\u00e5 stedet, mens funktioner som direkte eksport til CAD og GIS, skalerbarhed og sikker hosting forbedrer dens egnethed til fagfolk, der arbejder med indviklede indend\u00f8rs punktsky-data.<\/p>\n<p>Brugertip<br \/>\nVidste du, at du ved hj\u00e6lp af PointView\u00ae til at behandle dine dronebilleder og en open source-software kan beregne en n\u00f8jagtig volumen p\u00e5 mindre end 1 time?<\/p>\n<p>Unikke funktioner i PointView\u00ae<br \/>\nPointView\u00ae er s\u00e5 alsidig en platform, at n\u00e6sten enhver form for punkt- eller pixeldata kan uploades og anvendes p\u00e5 platformen.<br \/>\nVi har opbygget en bred vifte af importfunktioner, s\u00e5 PointView\u00ae nu underst\u00f8tter data fra MobileMapping, UAV, terrestriske laserscannere og bathymetri.<br \/>\nS\u00e6rligt behandling af UAV-data har v\u00e6ret et fokuspunkt for udviklingen de seneste m\u00e5neder, og vi har derfor implementeret et robust workflow, s\u00e5 du kan uploade egne UAV-billeder og behandle dataene direkte til punktskyer. Indenfor den kommende tid bliver det ligeledes muligt at behandle data til ortomosaik.<\/p>\n<p>L\u00e6s mere om PointView\u00ae<\/p>\n<p>Kontakt eksperterne<\/p>\n<p>Rasmus Lindeneg Johansen<\/p>\n","protected":false},"excerpt":{"rendered":"<p>Modtag nyheder om PointView Nyhedsbrev, 27.11.2023 PointView\u00ae er en webbaseret l\u00f8sning til h\u00e5ndtering, styring, visualisering og digitalisering af store m\u00e6ngder data fra forskellige kilder, som punktskyer, 3D-modeller og interaktive kort. L\u00f8sningen er designet til at h\u00e5ndtere data fra alle scannings- og billedplatforme \u2013 fra terrestrisk scanning og mobil mapping til multibeam og UAV-data. I september [&hellip;]<\/p>\n","protected":false},"author":2,"featured_media":0,"parent":0,"menu_order":0,"comment_status":"closed","ping_status":"closed","template":"","meta":{"_acf_changed":false,"footnotes":""},"class_list":["post-600","page","type-page","status-publish","hentry"],"acf":[],"yoast_head":"<!-- This site is optimized with the Yoast SEO plugin v27.5 - https:\/\/yoast.com\/product\/yoast-seo-wordpress\/ -->\n<title>Seneste opdatering af PointView\u00ae - IT34<\/title>\n<meta name=\"description\" content=\"PointView\u00ae er en webbaseret l\u00f8sning til h\u00e5ndtering, visualisering og digitalisering af store m\u00e6ngder data fra forskellige kilder.\" \/>\n<meta name=\"robots\" content=\"index, follow, max-snippet:-1, max-image-preview:large, max-video-preview:-1\" \/>\n<link rel=\"canonical\" href=\"https:\/\/it34.com\/da\/pointview-november2023\/\" \/>\n<meta property=\"og:locale\" content=\"da_DK\" \/>\n<meta property=\"og:type\" content=\"article\" \/>\n<meta property=\"og:title\" content=\"Seneste opdatering af PointView\u00ae - IT34\" \/>\n<meta property=\"og:description\" content=\"PointView\u00ae er en webbaseret l\u00f8sning til h\u00e5ndtering, visualisering og digitalisering af store m\u00e6ngder data fra forskellige kilder.\" \/>\n<meta property=\"og:url\" content=\"https:\/\/it34.com\/da\/pointview-november2023\/\" \/>\n<meta property=\"og:site_name\" content=\"IT34\" \/>\n<meta property=\"article:modified_time\" content=\"2025-02-24T11:04:06+00:00\" \/>\n<meta name=\"twitter:card\" content=\"summary_large_image\" \/>\n<meta name=\"twitter:label1\" content=\"Estimeret l\u00e6setid\" \/>\n\t<meta name=\"twitter:data1\" content=\"7 minutter\" \/>\n<script type=\"application\/ld+json\" class=\"yoast-schema-graph\">{\"@context\":\"https:\\\/\\\/schema.org\",\"@graph\":[{\"@type\":\"WebPage\",\"@id\":\"https:\\\/\\\/it34.com\\\/da\\\/pointview-november2023\\\/\",\"url\":\"https:\\\/\\\/it34.com\\\/da\\\/pointview-november2023\\\/\",\"name\":\"Seneste opdatering af PointView\u00ae - IT34\",\"isPartOf\":{\"@id\":\"https:\\\/\\\/it34.com\\\/da\\\/#website\"},\"datePublished\":\"2023-11-10T07:44:02+00:00\",\"dateModified\":\"2025-02-24T11:04:06+00:00\",\"description\":\"PointView\u00ae er en webbaseret l\u00f8sning til h\u00e5ndtering, visualisering og digitalisering af store m\u00e6ngder data fra forskellige kilder.\",\"breadcrumb\":{\"@id\":\"https:\\\/\\\/it34.com\\\/da\\\/pointview-november2023\\\/#breadcrumb\"},\"inLanguage\":\"da-DK\",\"potentialAction\":[{\"@type\":\"ReadAction\",\"target\":[\"https:\\\/\\\/it34.com\\\/da\\\/pointview-november2023\\\/\"]}]},{\"@type\":\"BreadcrumbList\",\"@id\":\"https:\\\/\\\/it34.com\\\/da\\\/pointview-november2023\\\/#breadcrumb\",\"itemListElement\":[{\"@type\":\"ListItem\",\"position\":1,\"name\":\"Home\",\"item\":\"https:\\\/\\\/it34.com\\\/da\\\/\"},{\"@type\":\"ListItem\",\"position\":2,\"name\":\"Seneste opdatering af PointView\u00ae\"}]},{\"@type\":\"WebSite\",\"@id\":\"https:\\\/\\\/it34.com\\\/da\\\/#website\",\"url\":\"https:\\\/\\\/it34.com\\\/da\\\/\",\"name\":\"IT34\",\"description\":\"IT34 makes it possible\",\"publisher\":{\"@id\":\"https:\\\/\\\/it34.com\\\/da\\\/#organization\"},\"potentialAction\":[{\"@type\":\"SearchAction\",\"target\":{\"@type\":\"EntryPoint\",\"urlTemplate\":\"https:\\\/\\\/it34.com\\\/da\\\/?s={search_term_string}\"},\"query-input\":{\"@type\":\"PropertyValueSpecification\",\"valueRequired\":true,\"valueName\":\"search_term_string\"}}],\"inLanguage\":\"da-DK\"},{\"@type\":\"Organization\",\"@id\":\"https:\\\/\\\/it34.com\\\/da\\\/#organization\",\"name\":\"IT34\",\"url\":\"https:\\\/\\\/it34.com\\\/da\\\/\",\"logo\":{\"@type\":\"ImageObject\",\"inLanguage\":\"da-DK\",\"@id\":\"https:\\\/\\\/it34.com\\\/da\\\/#\\\/schema\\\/logo\\\/image\\\/\",\"url\":\"https:\\\/\\\/it34.com\\\/wp-content\\\/uploads\\\/2024\\\/01\\\/cropped-it34.png\",\"contentUrl\":\"https:\\\/\\\/it34.com\\\/wp-content\\\/uploads\\\/2024\\\/01\\\/cropped-it34.png\",\"width\":512,\"height\":512,\"caption\":\"IT34\"},\"image\":{\"@id\":\"https:\\\/\\\/it34.com\\\/da\\\/#\\\/schema\\\/logo\\\/image\\\/\"},\"sameAs\":[\"https:\\\/\\\/www.linkedin.com\\\/company\\\/74469087\\\/admin\\\/feed\\\/posts\\\/\"]}]}<\/script>\n<!-- \/ Yoast SEO plugin. -->","yoast_head_json":{"title":"Seneste opdatering af PointView\u00ae - IT34","description":"PointView\u00ae er en webbaseret l\u00f8sning til h\u00e5ndtering, visualisering og digitalisering af store m\u00e6ngder data fra forskellige kilder.","robots":{"index":"index","follow":"follow","max-snippet":"max-snippet:-1","max-image-preview":"max-image-preview:large","max-video-preview":"max-video-preview:-1"},"canonical":"https:\/\/it34.com\/da\/pointview-november2023\/","og_locale":"da_DK","og_type":"article","og_title":"Seneste opdatering af PointView\u00ae - IT34","og_description":"PointView\u00ae er en webbaseret l\u00f8sning til h\u00e5ndtering, visualisering og digitalisering af store m\u00e6ngder data fra forskellige kilder.","og_url":"https:\/\/it34.com\/da\/pointview-november2023\/","og_site_name":"IT34","article_modified_time":"2025-02-24T11:04:06+00:00","twitter_card":"summary_large_image","twitter_misc":{"Estimeret l\u00e6setid":"7 minutter"},"schema":{"@context":"https:\/\/schema.org","@graph":[{"@type":"WebPage","@id":"https:\/\/it34.com\/da\/pointview-november2023\/","url":"https:\/\/it34.com\/da\/pointview-november2023\/","name":"Seneste opdatering af PointView\u00ae - IT34","isPartOf":{"@id":"https:\/\/it34.com\/da\/#website"},"datePublished":"2023-11-10T07:44:02+00:00","dateModified":"2025-02-24T11:04:06+00:00","description":"PointView\u00ae er en webbaseret l\u00f8sning til h\u00e5ndtering, visualisering og digitalisering af store m\u00e6ngder data fra forskellige kilder.","breadcrumb":{"@id":"https:\/\/it34.com\/da\/pointview-november2023\/#breadcrumb"},"inLanguage":"da-DK","potentialAction":[{"@type":"ReadAction","target":["https:\/\/it34.com\/da\/pointview-november2023\/"]}]},{"@type":"BreadcrumbList","@id":"https:\/\/it34.com\/da\/pointview-november2023\/#breadcrumb","itemListElement":[{"@type":"ListItem","position":1,"name":"Home","item":"https:\/\/it34.com\/da\/"},{"@type":"ListItem","position":2,"name":"Seneste opdatering af PointView\u00ae"}]},{"@type":"WebSite","@id":"https:\/\/it34.com\/da\/#website","url":"https:\/\/it34.com\/da\/","name":"IT34","description":"IT34 makes it possible","publisher":{"@id":"https:\/\/it34.com\/da\/#organization"},"potentialAction":[{"@type":"SearchAction","target":{"@type":"EntryPoint","urlTemplate":"https:\/\/it34.com\/da\/?s={search_term_string}"},"query-input":{"@type":"PropertyValueSpecification","valueRequired":true,"valueName":"search_term_string"}}],"inLanguage":"da-DK"},{"@type":"Organization","@id":"https:\/\/it34.com\/da\/#organization","name":"IT34","url":"https:\/\/it34.com\/da\/","logo":{"@type":"ImageObject","inLanguage":"da-DK","@id":"https:\/\/it34.com\/da\/#\/schema\/logo\/image\/","url":"https:\/\/it34.com\/wp-content\/uploads\/2024\/01\/cropped-it34.png","contentUrl":"https:\/\/it34.com\/wp-content\/uploads\/2024\/01\/cropped-it34.png","width":512,"height":512,"caption":"IT34"},"image":{"@id":"https:\/\/it34.com\/da\/#\/schema\/logo\/image\/"},"sameAs":["https:\/\/www.linkedin.com\/company\/74469087\/admin\/feed\/posts\/"]}]}},"_links":{"self":[{"href":"https:\/\/it34.com\/da\/wp-json\/wp\/v2\/pages\/600","targetHints":{"allow":["GET"]}}],"collection":[{"href":"https:\/\/it34.com\/da\/wp-json\/wp\/v2\/pages"}],"about":[{"href":"https:\/\/it34.com\/da\/wp-json\/wp\/v2\/types\/page"}],"author":[{"embeddable":true,"href":"https:\/\/it34.com\/da\/wp-json\/wp\/v2\/users\/2"}],"replies":[{"embeddable":true,"href":"https:\/\/it34.com\/da\/wp-json\/wp\/v2\/comments?post=600"}],"version-history":[{"count":5,"href":"https:\/\/it34.com\/da\/wp-json\/wp\/v2\/pages\/600\/revisions"}],"predecessor-version":[{"id":7743,"href":"https:\/\/it34.com\/da\/wp-json\/wp\/v2\/pages\/600\/revisions\/7743"}],"wp:attachment":[{"href":"https:\/\/it34.com\/da\/wp-json\/wp\/v2\/media?parent=600"}],"curies":[{"name":"wp","href":"https:\/\/api.w.org\/{rel}","templated":true}]}}