{"id":616,"date":"2022-02-10T10:36:16","date_gmt":"2022-02-10T09:36:16","guid":{"rendered":"https:\/\/it34.com\/smartsurvey-vinder-stor-innovationspris\/"},"modified":"2024-01-24T23:44:35","modified_gmt":"2024-01-24T22:44:35","slug":"smartsurvey-vinder-stor-innovationspris","status":"publish","type":"page","link":"https:\/\/it34.com\/da\/smartsurvey-vinder-stor-innovationspris\/","title":{"rendered":"SmartSurvey\u2122 vinder stor innovationspris"},"content":{"rendered":"<p>Innovation bliver brugbar, n\u00e5r det nye produkt g\u00f8r ting nemmere og kan bruges af mange flere end dem, der udviklede det.<\/p>\n<p>F\u00e6lles m\u00e5l og kr\u00e6fter i innovationsprocessen<br \/>\nModet til at kaste sig ud i det ukendte, evnen til at oms\u00e6tte kundens behov til virkelighed og viljen til at disrupte egen forretning til fordel for noget st\u00f8rre er blandt begrundelserne for, at vi l\u00f8b med det \u00f8stjyske partnerskab Vandpartners innovationspris for udviklingen af appen SmartSurvey&#8482;.<br \/>\nDet er vores storebror, landinspekt\u00f8rfirmaet LE34, der har rammeaftale med forsyningsselskabet Aarhus Vand og deltager i det tilh\u00f8rende partnerskab sammen med Aarhus Vands \u00f8vrige r\u00e5dgivere. M\u00e5let med partnerskabet er at forene kr\u00e6fter og viden indenfor vandteknologi og forsyning for at skabe innovative l\u00f8sninger, der rykker ikke blot den danske men ogs\u00e5 den internationale forsyningsbranche op i en ny digital liga.\u00a0<br \/>\nIT34 har bidraget til innovationsprocessen ved at teste og forfine SmartSurvey&#8482; til et produkt, der kan bruges af alle i forsyningsbranchen og ikke kun dem, der har v\u00e6ret involveret i selve udviklingsarbejdet.<br \/>\nVi l\u00f8b med sejren blandt ni virksomheder, der har givet hver sit bud p\u00e5 det bedste innovationsbidrag i regi af Vandpartner 1.0 i perioden 2016-2021. LE34 arbejder videre med innovation, geodata og opm\u00e5ling i regi af Vandpartner 2.0 i perioden 2022-2027.<br \/>\n\u2013 LE34 har kastet sig ind i innovationssamarbejdet p\u00e5 fornemste vis. De har v\u00e6ret vedholdende og holdt et godt og positivt energiniveau, og n\u00e5r der s\u00e5 har v\u00e6ret et gennembrud, har de form\u00e5et at kommercialisere det, s\u00e5 alle kan bruge det, siger Karsten Lundbye, der er innovationschef i Aarhus vand og medlem af juryen i forbindelse med prisuddelingen.<\/p>\n<p>Peter Hjortdal, afdelingschef for anl\u00e6gsprojekter, Aarhus Vand<br \/>\n\u201cAlle parter arbejder sammen om l\u00f8sninger, hvor vi kan g\u00f8re det smartere, og hvis alle g\u00e5r til innovationsarbejdet med \u00e5benhed, tillid og \u00e6rlighed, kan man l\u00f8fte niveauet markant. Det er pr\u00e6cis, hvad vi har oplevet p\u00e5 bedste vis i forbindelse med udviklingen af SmartSurvey&#8482;\u201d\u00a0<\/p>\n<p>Torbj\u00f8rn Mandahl Pedersen<br \/>\n\u201cDet er fantastisk at v\u00e6re med til at udvikle noget, der tilf\u00f8rer vores kunder v\u00e6rdi, og det er fedt at opleve, hvor proaktive og lege-villige b\u00e5de Vandpartner, der har lavet et fremragende setup for innovation, og alle de \u00f8vrige parter har v\u00e6ret. Hvor vi tidligere fors\u00f8gte at optimere vores egen del af et projekt for at f\u00e5 noget til at virke p\u00e5 tv\u00e6rs, t\u00e6nker vi nu i f\u00e6llesskab p\u00e5, hvordan vi arbejder bedst sammen mod et f\u00e6lles m\u00e5l.\u201d<\/p>\n<p>Fra papkasse til app<br \/>\nVandpartner 1.0 er et ambiti\u00f8st partnerskab mellem de tre \u00f8stjyske forsyningsselskaber Aarhus Vand, Favrskov Forsyning og Samn Forsyning og deres leverand\u00f8rer. Sammen med forsyningsselskaberne indg\u00e5r 14 forskellige virksomheder i en seks\u00e5rig partneringaftale, hvor parterne er forpligtede til at arbejde t\u00e6t sammen.<br \/>\n\u2013 SmartSurvey\u2122 opstod p\u00e5 en workshop, hvor jeg snakkede med LE34 om, hvilke udfordringer vi st\u00e5r overfor. En af dem var, at der gik lang tid, fra der blev lavet noget i marken, til data kom hjem og indl\u00e6st i vores ledningsregistrering. Sammen lavede vi en prototype af en papkasse, og den tog LE34 med hjem i t\u00e6nkeboksen. I dag er det en app, der kan optimere arbejdsgange betydeligt, fort\u00e6ller Peter Hjortdal, der er afdelingschef for anl\u00e6gsprojekter hos Aarhus Vand.<\/p>\n<p>Innovation til fordel for forsyninger og entrepren\u00f8rer<br \/>\nMed SmartSurvey&#8482; er det i dag lige s\u00e5 nemt at indsamle data med stor n\u00f8jagtighed om en ledning i en \u00e5ben ledningsgrav, som det er at optage en video med en smartphone. Fordelene for forsyninger og entrepren\u00f8rer er store, fordi de efter ledningsarbejdet selv kan indsamle dokumentationen i marken, d\u00e6kke ledningshullet og reetablere bel\u00e6gningen i en arbejdsgang. Samtidig f\u00e5r de flere oplysninger om ledningen end de f\u00e5 punkter, der opm\u00e5les med en traditionel opm\u00e5ling.<br \/>\nOgs\u00e5 forsyningsselskabet Novafos har bidraget til udviklingen af SmartSurvey&#8482; ved at teste prototyper af appen og indsamlede data fra tusindevis af \u00e5bne ledningsgrave.\u00a0<br \/>\nVandpartner har taget hul p\u00e5 en ny runde af seks\u00e5rige rammeaftaler, under navnet Vandpartner 2.0. Fokus p\u00e5 digitalisering og innovation er fortsat i centrum. LE34 har genvundet sin rammeaftale med Aarhus Vand og tr\u00e6der med Vandpartner 2.0 ind i en ny rolle som tovholder for skabelsen af et flow af geodata, s\u00e5 alle i partnerskabet har adgang til aktuelle og fyldestg\u00f8rende ledningsdata.<\/p>\n<p>L\u00e6s mere om LE34&#8217;s samarbejde med Aarhus Vand<\/p>\n<p>Download SmartSurvey gratis fra App Store<\/p>\n<p>Download SmartSurvey gratis fra Google Play<\/p>\n<p>Vil du vide mere?<br \/>\nKontakt os<br \/>\nVil du vide mere om IT34\u2019s engagement i digitalisering af forsyningsbranchen eller om opm\u00e5lingsappen SmartSurvey&#8482;? Tag fat p\u00e5 os.<br \/>\nTorbj\u00f8rn Mandahl Pedersen<br \/>\nLandinspekt\u00f8r og partner<br \/>\nForretningschef for Forsyning og GIS<br \/>\nTlf.\u00a0\u00a0+45 8820 8758<br \/>\ntmp@it34.dk<\/p>\n<p>Send mail til Torbj\u00f8rn<\/p>\n","protected":false},"excerpt":{"rendered":"<p>Innovation bliver brugbar, n\u00e5r det nye produkt g\u00f8r ting nemmere og kan bruges af mange flere end dem, der udviklede det. F\u00e6lles m\u00e5l og kr\u00e6fter i innovationsprocessen Modet til at kaste sig ud i det ukendte, evnen til at oms\u00e6tte kundens behov til virkelighed og viljen til at disrupte egen forretning til fordel for noget [&hellip;]<\/p>\n","protected":false},"author":2,"featured_media":0,"parent":0,"menu_order":0,"comment_status":"closed","ping_status":"closed","template":"","meta":{"_acf_changed":false,"footnotes":""},"class_list":["post-616","page","type-page","status-publish","hentry"],"acf":[],"yoast_head":"<!-- This site is optimized with the Yoast SEO plugin v27.4 - https:\/\/yoast.com\/product\/yoast-seo-wordpress\/ -->\n<title>SmartSurvey\u2122 vinder stor innovationspris<\/title>\n<meta name=\"description\" content=\"T\u00e6t samarbejde med kunder er omdrejningspunktet i IT34&#039;s udvikling af nye innovative services, som SmartSurvey, der har modtaget stor innovationspris.\" \/>\n<meta name=\"robots\" content=\"index, follow, max-snippet:-1, max-image-preview:large, max-video-preview:-1\" \/>\n<link rel=\"canonical\" href=\"https:\/\/it34.com\/da\/smartsurvey-vinder-stor-innovationspris\/\" \/>\n<meta property=\"og:locale\" content=\"da_DK\" \/>\n<meta property=\"og:type\" content=\"article\" \/>\n<meta property=\"og:title\" content=\"SmartSurvey\u2122 vinder stor innovationspris\" \/>\n<meta property=\"og:description\" content=\"T\u00e6t samarbejde med kunder er omdrejningspunktet i IT34&#039;s udvikling af nye innovative services, som SmartSurvey, der har modtaget stor innovationspris.\" \/>\n<meta property=\"og:url\" content=\"https:\/\/it34.com\/da\/smartsurvey-vinder-stor-innovationspris\/\" \/>\n<meta property=\"og:site_name\" content=\"IT34\" \/>\n<meta property=\"article:modified_time\" content=\"2024-01-24T22:44:35+00:00\" \/>\n<meta name=\"twitter:card\" content=\"summary_large_image\" \/>\n<meta name=\"twitter:label1\" content=\"Estimeret l\u00e6setid\" \/>\n\t<meta name=\"twitter:data1\" content=\"8 minutter\" \/>\n<script type=\"application\/ld+json\" class=\"yoast-schema-graph\">{\"@context\":\"https:\\\/\\\/schema.org\",\"@graph\":[{\"@type\":\"WebPage\",\"@id\":\"https:\\\/\\\/it34.com\\\/da\\\/smartsurvey-vinder-stor-innovationspris\\\/\",\"url\":\"https:\\\/\\\/it34.com\\\/da\\\/smartsurvey-vinder-stor-innovationspris\\\/\",\"name\":\"SmartSurvey\u2122 vinder stor innovationspris\",\"isPartOf\":{\"@id\":\"https:\\\/\\\/it34.com\\\/da\\\/#website\"},\"datePublished\":\"2022-02-10T09:36:16+00:00\",\"dateModified\":\"2024-01-24T22:44:35+00:00\",\"description\":\"T\u00e6t samarbejde med kunder er omdrejningspunktet i IT34's udvikling af nye innovative services, som SmartSurvey, der har modtaget stor innovationspris.\",\"breadcrumb\":{\"@id\":\"https:\\\/\\\/it34.com\\\/da\\\/smartsurvey-vinder-stor-innovationspris\\\/#breadcrumb\"},\"inLanguage\":\"da-DK\",\"potentialAction\":[{\"@type\":\"ReadAction\",\"target\":[\"https:\\\/\\\/it34.com\\\/da\\\/smartsurvey-vinder-stor-innovationspris\\\/\"]}]},{\"@type\":\"BreadcrumbList\",\"@id\":\"https:\\\/\\\/it34.com\\\/da\\\/smartsurvey-vinder-stor-innovationspris\\\/#breadcrumb\",\"itemListElement\":[{\"@type\":\"ListItem\",\"position\":1,\"name\":\"Home\",\"item\":\"https:\\\/\\\/it34.com\\\/da\\\/\"},{\"@type\":\"ListItem\",\"position\":2,\"name\":\"SmartSurvey\u2122 vinder stor innovationspris\"}]},{\"@type\":\"WebSite\",\"@id\":\"https:\\\/\\\/it34.com\\\/da\\\/#website\",\"url\":\"https:\\\/\\\/it34.com\\\/da\\\/\",\"name\":\"IT34\",\"description\":\"IT34 makes it possible\",\"publisher\":{\"@id\":\"https:\\\/\\\/it34.com\\\/da\\\/#organization\"},\"potentialAction\":[{\"@type\":\"SearchAction\",\"target\":{\"@type\":\"EntryPoint\",\"urlTemplate\":\"https:\\\/\\\/it34.com\\\/da\\\/?s={search_term_string}\"},\"query-input\":{\"@type\":\"PropertyValueSpecification\",\"valueRequired\":true,\"valueName\":\"search_term_string\"}}],\"inLanguage\":\"da-DK\"},{\"@type\":\"Organization\",\"@id\":\"https:\\\/\\\/it34.com\\\/da\\\/#organization\",\"name\":\"IT34\",\"url\":\"https:\\\/\\\/it34.com\\\/da\\\/\",\"logo\":{\"@type\":\"ImageObject\",\"inLanguage\":\"da-DK\",\"@id\":\"https:\\\/\\\/it34.com\\\/da\\\/#\\\/schema\\\/logo\\\/image\\\/\",\"url\":\"https:\\\/\\\/it34.com\\\/wp-content\\\/uploads\\\/2024\\\/01\\\/cropped-it34.png\",\"contentUrl\":\"https:\\\/\\\/it34.com\\\/wp-content\\\/uploads\\\/2024\\\/01\\\/cropped-it34.png\",\"width\":512,\"height\":512,\"caption\":\"IT34\"},\"image\":{\"@id\":\"https:\\\/\\\/it34.com\\\/da\\\/#\\\/schema\\\/logo\\\/image\\\/\"},\"sameAs\":[\"https:\\\/\\\/www.linkedin.com\\\/company\\\/74469087\\\/admin\\\/feed\\\/posts\\\/\"]}]}<\/script>\n<!-- \/ Yoast SEO plugin. -->","yoast_head_json":{"title":"SmartSurvey\u2122 vinder stor innovationspris","description":"T\u00e6t samarbejde med kunder er omdrejningspunktet i IT34's udvikling af nye innovative services, som SmartSurvey, der har modtaget stor innovationspris.","robots":{"index":"index","follow":"follow","max-snippet":"max-snippet:-1","max-image-preview":"max-image-preview:large","max-video-preview":"max-video-preview:-1"},"canonical":"https:\/\/it34.com\/da\/smartsurvey-vinder-stor-innovationspris\/","og_locale":"da_DK","og_type":"article","og_title":"SmartSurvey\u2122 vinder stor innovationspris","og_description":"T\u00e6t samarbejde med kunder er omdrejningspunktet i IT34's udvikling af nye innovative services, som SmartSurvey, der har modtaget stor innovationspris.","og_url":"https:\/\/it34.com\/da\/smartsurvey-vinder-stor-innovationspris\/","og_site_name":"IT34","article_modified_time":"2024-01-24T22:44:35+00:00","twitter_card":"summary_large_image","twitter_misc":{"Estimeret l\u00e6setid":"8 minutter"},"schema":{"@context":"https:\/\/schema.org","@graph":[{"@type":"WebPage","@id":"https:\/\/it34.com\/da\/smartsurvey-vinder-stor-innovationspris\/","url":"https:\/\/it34.com\/da\/smartsurvey-vinder-stor-innovationspris\/","name":"SmartSurvey\u2122 vinder stor innovationspris","isPartOf":{"@id":"https:\/\/it34.com\/da\/#website"},"datePublished":"2022-02-10T09:36:16+00:00","dateModified":"2024-01-24T22:44:35+00:00","description":"T\u00e6t samarbejde med kunder er omdrejningspunktet i IT34's udvikling af nye innovative services, som SmartSurvey, der har modtaget stor innovationspris.","breadcrumb":{"@id":"https:\/\/it34.com\/da\/smartsurvey-vinder-stor-innovationspris\/#breadcrumb"},"inLanguage":"da-DK","potentialAction":[{"@type":"ReadAction","target":["https:\/\/it34.com\/da\/smartsurvey-vinder-stor-innovationspris\/"]}]},{"@type":"BreadcrumbList","@id":"https:\/\/it34.com\/da\/smartsurvey-vinder-stor-innovationspris\/#breadcrumb","itemListElement":[{"@type":"ListItem","position":1,"name":"Home","item":"https:\/\/it34.com\/da\/"},{"@type":"ListItem","position":2,"name":"SmartSurvey\u2122 vinder stor innovationspris"}]},{"@type":"WebSite","@id":"https:\/\/it34.com\/da\/#website","url":"https:\/\/it34.com\/da\/","name":"IT34","description":"IT34 makes it possible","publisher":{"@id":"https:\/\/it34.com\/da\/#organization"},"potentialAction":[{"@type":"SearchAction","target":{"@type":"EntryPoint","urlTemplate":"https:\/\/it34.com\/da\/?s={search_term_string}"},"query-input":{"@type":"PropertyValueSpecification","valueRequired":true,"valueName":"search_term_string"}}],"inLanguage":"da-DK"},{"@type":"Organization","@id":"https:\/\/it34.com\/da\/#organization","name":"IT34","url":"https:\/\/it34.com\/da\/","logo":{"@type":"ImageObject","inLanguage":"da-DK","@id":"https:\/\/it34.com\/da\/#\/schema\/logo\/image\/","url":"https:\/\/it34.com\/wp-content\/uploads\/2024\/01\/cropped-it34.png","contentUrl":"https:\/\/it34.com\/wp-content\/uploads\/2024\/01\/cropped-it34.png","width":512,"height":512,"caption":"IT34"},"image":{"@id":"https:\/\/it34.com\/da\/#\/schema\/logo\/image\/"},"sameAs":["https:\/\/www.linkedin.com\/company\/74469087\/admin\/feed\/posts\/"]}]}},"_links":{"self":[{"href":"https:\/\/it34.com\/da\/wp-json\/wp\/v2\/pages\/616","targetHints":{"allow":["GET"]}}],"collection":[{"href":"https:\/\/it34.com\/da\/wp-json\/wp\/v2\/pages"}],"about":[{"href":"https:\/\/it34.com\/da\/wp-json\/wp\/v2\/types\/page"}],"author":[{"embeddable":true,"href":"https:\/\/it34.com\/da\/wp-json\/wp\/v2\/users\/2"}],"replies":[{"embeddable":true,"href":"https:\/\/it34.com\/da\/wp-json\/wp\/v2\/comments?post=616"}],"version-history":[{"count":2,"href":"https:\/\/it34.com\/da\/wp-json\/wp\/v2\/pages\/616\/revisions"}],"predecessor-version":[{"id":6375,"href":"https:\/\/it34.com\/da\/wp-json\/wp\/v2\/pages\/616\/revisions\/6375"}],"wp:attachment":[{"href":"https:\/\/it34.com\/da\/wp-json\/wp\/v2\/media?parent=616"}],"curies":[{"name":"wp","href":"https:\/\/api.w.org\/{rel}","templated":true}]}}