{"id":642,"date":"2019-10-16T09:48:11","date_gmt":"2019-10-16T08:48:11","guid":{"rendered":"https:\/\/it34.com\/ydelser\/"},"modified":"2026-03-16T09:39:32","modified_gmt":"2026-03-16T08:39:32","slug":"ydelser","status":"publish","type":"page","link":"https:\/\/it34.com\/da\/ydelser\/","title":{"rendered":"Ydelser"},"content":{"rendered":"<p>Afleveringsportalen | Validering og kvalitetssikring af data<br \/>\nAutoLER\u2122 | System til automatisk LER-besvarelse<\/p>\n<p>Bentley ContextCapture<br \/>\nBentley Descartes<br \/>\nBentley MicroStation<br \/>\nBentley OpenBuilding<br \/>\nBentley OpenCities Map<br \/>\nBentley OpenRoads<br \/>\nBentley Pointools<br \/>\nBentley software | Implementering og levering<br \/>\nBoligforening | En GeoNote\u00ae-l\u00f8sning<br \/>\nBr\u00f8ndt\u00f8mning | En GeoNote\u00ae-l\u00f8sning<\/p>\n<p>Data science<br \/>\nDatabehandling<br \/>\nDatahosting<br \/>\nDatavalidering | Datavask og ledningsanalyse<br \/>\nDeklarationsanalyse | Kortl\u00e6gning, aflevering og r\u00e5dgivning om deklarationer<br \/>\nDeklarationsservice | Overv\u00e5gning, drift og vedligeholdelse af deklarationer<\/p>\n<p>FieldGIS\u2122 | App til GIS-registrering<\/p>\n<p>GeoNote\u00ae Drift &#038; Anl\u00e6g | Intelligent driftssystem<br \/>\nGeoNote\u00ae Indberetning | Nem indmelding via app og web<br \/>\nGeoNote\u00ae Opgavekvittering | App til opgaveh\u00e5ndtering<br \/>\nGeoNote\u00ae Skadedyr | Effektiv skadedyrsbek\u00e6mpelse<br \/>\nGeoNote\u00ae Vejtilsyn AI | Intelligent h\u00e5ndtering af vejnettet<br \/>\nGeoNote\u00ae | Alle produkter og l\u00f8sninger<br \/>\nGeoNote\u00ae | Gadelys<br \/>\nGeoNote\u00ae | Gr\u00f8nPlan<br \/>\nGIS-l\u00f8sninger<br \/>\nGIS-udvikling <\/p>\n<p>HeyPipe\u2122 I Digitalt overblik over undergrunden<\/p>\n<p>Invasive arter | En GeoNote\u00ae-l\u00f8sning<br \/>\nIT34 Tracking<br \/>\nIT34 WebGIS\u2122 | Skr\u00e6ddersyet GIS-v\u00e6rkt\u00f8j<\/p>\n<p>Kommuner | Digitale driftsl\u00f8sninger fra GeoNote\u00ae<\/p>\n<p>Ledningsregistrering | Digitalisering af ledningsdata<br \/>\nLER | se ogs\u00e5 AutoLER\u2122<br \/>\nLERGIS\u2122 | Brugervenlig kortl\u00f8sning til graveforesp\u00f8rgsler<\/p>\n<p>Matrikeloverv\u00e5gning | Automatisk registrering af matrikul\u00e6re \u00e6ndringer<br \/>\nMyProperty\u2122 | Alle ejendomsdata samlet \u00e9t sted<\/p>\n<p>Objektgenkendelse og machine learning<\/p>\n<p>PointView\u00ae | Webbaseret punktsky-h\u00e5ndtering<\/p>\n<p>Road Surface Inspector\u2122 | App til digitalt vejtilsyn<\/p>\n<p>SmartSurvey\u2122 | App til 3D-dokumentation<\/p>\n<p>TruePoint\u2122 | RTK-GPS<\/p>\n<p>VA-banken | Ledningsh\u00e5ndteringssystem<br \/>\nVintertjeneste | En GeoNote\u00ae-l\u00f8sning<\/p>\n","protected":false},"excerpt":{"rendered":"<p>Afleveringsportalen | Validering og kvalitetssikring af data AutoLER\u2122 | System til automatisk LER-besvarelse Bentley ContextCapture Bentley Descartes Bentley MicroStation Bentley OpenBuilding Bentley OpenCities Map Bentley OpenRoads Bentley Pointools Bentley software | Implementering og levering Boligforening | En GeoNote\u00ae-l\u00f8sning Br\u00f8ndt\u00f8mning | En GeoNote\u00ae-l\u00f8sning Data science Databehandling Datahosting Datavalidering | Datavask og ledningsanalyse Deklarationsanalyse | Kortl\u00e6gning, aflevering [&hellip;]<\/p>\n","protected":false},"author":2,"featured_media":0,"parent":0,"menu_order":0,"comment_status":"closed","ping_status":"closed","template":"","meta":{"_acf_changed":false,"footnotes":""},"class_list":["post-642","page","type-page","status-publish","hentry"],"acf":[],"yoast_head":"<!-- This site is optimized with the Yoast SEO plugin v27.5 - https:\/\/yoast.com\/product\/yoast-seo-wordpress\/ -->\n<title>IT34&#039;s ydelser | IT-udvikling, digitale l\u00f8sninger og r\u00e5dgivning<\/title>\n<meta name=\"description\" content=\"L\u00f8bende IT-support, hosting eller skr\u00e6ddersyede l\u00f8sninger? Vi har samlet alt \u00e9t sted. Se alle vores ydelser her.\" \/>\n<meta name=\"robots\" content=\"index, follow, max-snippet:-1, max-image-preview:large, max-video-preview:-1\" \/>\n<link rel=\"canonical\" href=\"https:\/\/it34.com\/da\/ydelser\/\" \/>\n<meta property=\"og:locale\" content=\"da_DK\" \/>\n<meta property=\"og:type\" content=\"article\" \/>\n<meta property=\"og:title\" content=\"IT34&#039;s ydelser | IT-udvikling, digitale l\u00f8sninger og r\u00e5dgivning\" \/>\n<meta property=\"og:description\" content=\"L\u00f8bende IT-support, hosting eller skr\u00e6ddersyede l\u00f8sninger? Vi har samlet alt \u00e9t sted. Se alle vores ydelser her.\" \/>\n<meta property=\"og:url\" content=\"https:\/\/it34.com\/da\/ydelser\/\" \/>\n<meta property=\"og:site_name\" content=\"IT34\" \/>\n<meta property=\"article:modified_time\" content=\"2026-03-16T08:39:32+00:00\" \/>\n<meta name=\"twitter:card\" content=\"summary_large_image\" \/>\n<meta name=\"twitter:label1\" content=\"Estimeret l\u00e6setid\" \/>\n\t<meta name=\"twitter:data1\" content=\"5 minutter\" \/>\n<script type=\"application\/ld+json\" class=\"yoast-schema-graph\">{\"@context\":\"https:\\\/\\\/schema.org\",\"@graph\":[{\"@type\":\"WebPage\",\"@id\":\"https:\\\/\\\/it34.com\\\/da\\\/ydelser\\\/\",\"url\":\"https:\\\/\\\/it34.com\\\/da\\\/ydelser\\\/\",\"name\":\"IT34's ydelser | IT-udvikling, digitale l\u00f8sninger og r\u00e5dgivning\",\"isPartOf\":{\"@id\":\"https:\\\/\\\/it34.com\\\/da\\\/#website\"},\"datePublished\":\"2019-10-16T08:48:11+00:00\",\"dateModified\":\"2026-03-16T08:39:32+00:00\",\"description\":\"L\u00f8bende IT-support, hosting eller skr\u00e6ddersyede l\u00f8sninger? Vi har samlet alt \u00e9t sted. Se alle vores ydelser her.\",\"breadcrumb\":{\"@id\":\"https:\\\/\\\/it34.com\\\/da\\\/ydelser\\\/#breadcrumb\"},\"inLanguage\":\"da-DK\",\"potentialAction\":[{\"@type\":\"ReadAction\",\"target\":[\"https:\\\/\\\/it34.com\\\/da\\\/ydelser\\\/\"]}]},{\"@type\":\"BreadcrumbList\",\"@id\":\"https:\\\/\\\/it34.com\\\/da\\\/ydelser\\\/#breadcrumb\",\"itemListElement\":[{\"@type\":\"ListItem\",\"position\":1,\"name\":\"Home\",\"item\":\"https:\\\/\\\/it34.com\\\/da\\\/\"},{\"@type\":\"ListItem\",\"position\":2,\"name\":\"Ydelser\"}]},{\"@type\":\"WebSite\",\"@id\":\"https:\\\/\\\/it34.com\\\/da\\\/#website\",\"url\":\"https:\\\/\\\/it34.com\\\/da\\\/\",\"name\":\"IT34\",\"description\":\"IT34 makes it possible\",\"publisher\":{\"@id\":\"https:\\\/\\\/it34.com\\\/da\\\/#organization\"},\"potentialAction\":[{\"@type\":\"SearchAction\",\"target\":{\"@type\":\"EntryPoint\",\"urlTemplate\":\"https:\\\/\\\/it34.com\\\/da\\\/?s={search_term_string}\"},\"query-input\":{\"@type\":\"PropertyValueSpecification\",\"valueRequired\":true,\"valueName\":\"search_term_string\"}}],\"inLanguage\":\"da-DK\"},{\"@type\":\"Organization\",\"@id\":\"https:\\\/\\\/it34.com\\\/da\\\/#organization\",\"name\":\"IT34\",\"url\":\"https:\\\/\\\/it34.com\\\/da\\\/\",\"logo\":{\"@type\":\"ImageObject\",\"inLanguage\":\"da-DK\",\"@id\":\"https:\\\/\\\/it34.com\\\/da\\\/#\\\/schema\\\/logo\\\/image\\\/\",\"url\":\"https:\\\/\\\/it34.com\\\/wp-content\\\/uploads\\\/2024\\\/01\\\/cropped-it34.png\",\"contentUrl\":\"https:\\\/\\\/it34.com\\\/wp-content\\\/uploads\\\/2024\\\/01\\\/cropped-it34.png\",\"width\":512,\"height\":512,\"caption\":\"IT34\"},\"image\":{\"@id\":\"https:\\\/\\\/it34.com\\\/da\\\/#\\\/schema\\\/logo\\\/image\\\/\"},\"sameAs\":[\"https:\\\/\\\/www.linkedin.com\\\/company\\\/74469087\\\/admin\\\/feed\\\/posts\\\/\"]}]}<\/script>\n<!-- \/ Yoast SEO plugin. -->","yoast_head_json":{"title":"IT34's ydelser | IT-udvikling, digitale l\u00f8sninger og r\u00e5dgivning","description":"L\u00f8bende IT-support, hosting eller skr\u00e6ddersyede l\u00f8sninger? Vi har samlet alt \u00e9t sted. Se alle vores ydelser her.","robots":{"index":"index","follow":"follow","max-snippet":"max-snippet:-1","max-image-preview":"max-image-preview:large","max-video-preview":"max-video-preview:-1"},"canonical":"https:\/\/it34.com\/da\/ydelser\/","og_locale":"da_DK","og_type":"article","og_title":"IT34's ydelser | IT-udvikling, digitale l\u00f8sninger og r\u00e5dgivning","og_description":"L\u00f8bende IT-support, hosting eller skr\u00e6ddersyede l\u00f8sninger? Vi har samlet alt \u00e9t sted. Se alle vores ydelser her.","og_url":"https:\/\/it34.com\/da\/ydelser\/","og_site_name":"IT34","article_modified_time":"2026-03-16T08:39:32+00:00","twitter_card":"summary_large_image","twitter_misc":{"Estimeret l\u00e6setid":"5 minutter"},"schema":{"@context":"https:\/\/schema.org","@graph":[{"@type":"WebPage","@id":"https:\/\/it34.com\/da\/ydelser\/","url":"https:\/\/it34.com\/da\/ydelser\/","name":"IT34's ydelser | IT-udvikling, digitale l\u00f8sninger og r\u00e5dgivning","isPartOf":{"@id":"https:\/\/it34.com\/da\/#website"},"datePublished":"2019-10-16T08:48:11+00:00","dateModified":"2026-03-16T08:39:32+00:00","description":"L\u00f8bende IT-support, hosting eller skr\u00e6ddersyede l\u00f8sninger? Vi har samlet alt \u00e9t sted. Se alle vores ydelser her.","breadcrumb":{"@id":"https:\/\/it34.com\/da\/ydelser\/#breadcrumb"},"inLanguage":"da-DK","potentialAction":[{"@type":"ReadAction","target":["https:\/\/it34.com\/da\/ydelser\/"]}]},{"@type":"BreadcrumbList","@id":"https:\/\/it34.com\/da\/ydelser\/#breadcrumb","itemListElement":[{"@type":"ListItem","position":1,"name":"Home","item":"https:\/\/it34.com\/da\/"},{"@type":"ListItem","position":2,"name":"Ydelser"}]},{"@type":"WebSite","@id":"https:\/\/it34.com\/da\/#website","url":"https:\/\/it34.com\/da\/","name":"IT34","description":"IT34 makes it possible","publisher":{"@id":"https:\/\/it34.com\/da\/#organization"},"potentialAction":[{"@type":"SearchAction","target":{"@type":"EntryPoint","urlTemplate":"https:\/\/it34.com\/da\/?s={search_term_string}"},"query-input":{"@type":"PropertyValueSpecification","valueRequired":true,"valueName":"search_term_string"}}],"inLanguage":"da-DK"},{"@type":"Organization","@id":"https:\/\/it34.com\/da\/#organization","name":"IT34","url":"https:\/\/it34.com\/da\/","logo":{"@type":"ImageObject","inLanguage":"da-DK","@id":"https:\/\/it34.com\/da\/#\/schema\/logo\/image\/","url":"https:\/\/it34.com\/wp-content\/uploads\/2024\/01\/cropped-it34.png","contentUrl":"https:\/\/it34.com\/wp-content\/uploads\/2024\/01\/cropped-it34.png","width":512,"height":512,"caption":"IT34"},"image":{"@id":"https:\/\/it34.com\/da\/#\/schema\/logo\/image\/"},"sameAs":["https:\/\/www.linkedin.com\/company\/74469087\/admin\/feed\/posts\/"]}]}},"_links":{"self":[{"href":"https:\/\/it34.com\/da\/wp-json\/wp\/v2\/pages\/642","targetHints":{"allow":["GET"]}}],"collection":[{"href":"https:\/\/it34.com\/da\/wp-json\/wp\/v2\/pages"}],"about":[{"href":"https:\/\/it34.com\/da\/wp-json\/wp\/v2\/types\/page"}],"author":[{"embeddable":true,"href":"https:\/\/it34.com\/da\/wp-json\/wp\/v2\/users\/2"}],"replies":[{"embeddable":true,"href":"https:\/\/it34.com\/da\/wp-json\/wp\/v2\/comments?post=642"}],"version-history":[{"count":25,"href":"https:\/\/it34.com\/da\/wp-json\/wp\/v2\/pages\/642\/revisions"}],"predecessor-version":[{"id":9097,"href":"https:\/\/it34.com\/da\/wp-json\/wp\/v2\/pages\/642\/revisions\/9097"}],"wp:attachment":[{"href":"https:\/\/it34.com\/da\/wp-json\/wp\/v2\/media?parent=642"}],"curies":[{"name":"wp","href":"https:\/\/api.w.org\/{rel}","templated":true}]}}