{"id":6983,"date":"2024-06-18T09:16:50","date_gmt":"2024-06-18T08:16:50","guid":{"rendered":"https:\/\/it34.com\/?page_id=6983"},"modified":"2024-06-20T09:19:07","modified_gmt":"2024-06-20T08:19:07","slug":"it34-leverer-software-til-heypipe","status":"publish","type":"page","link":"https:\/\/it34.com\/da\/it34-leverer-software-til-heypipe\/","title":{"rendered":"IT34 leverer software til HeyPipe\u2122"},"content":{"rendered":"<p>HeyPipe\u2122 er stiftet i erkendelse af, at b\u00e5de private og offentlige virksomheder mangler et samlet overblik over, hvad der gemmer sig af samfundskritisk infrastruktur i jorden.<\/p>\n<p>En udfordring, vi er besluttet p\u00e5 at l\u00f8se<br \/>\nHeyPipe\u2122 er en digital platform, der giver entrepren\u00f8rer, graveakt\u00f8rer, forsyninger og myndigheder en unik adgang til data, som skal spare samfundet millioner af kroner og spildte ressourcer i graveskader.<br \/>\nP\u00e5 daglig basis g\u00e5r der anseelige ressourcer til spilde, n\u00e5r anl\u00e6gsarbejder bliver afbrudt af overgravede kabler, der ikke er registreret nogen steder. Det problem l\u00f8ser vi med HeyPipe\u2122, som ikke blot kommer til at spare kunderne for frustrationer, men ogs\u00e5 kommer til at spare samfundet for kroner og \u00f8re samt den milj\u00f8belastning, der er forbundet med ekstraarbejde.<br \/>\nI 2016 anslog Klima-, Energi- og Forsyningsministeriet graveskader for 2,8 mia. kroner over en ti-\u00e5rig periode \u2013 alts\u00e5 cirka 280 millioner kroner om \u00e5ret.<\/p>\n<p>Thomas Boe, der er bestyrelsesformand for Arkil a\/s og for HeyPipe\u2122.<br \/>\n\u201c\u00c5rsagen til, at omfanget og omkostningerne ved graveskader er s\u00e5 store, skal findes i, at de nuv\u00e6rende data om den underjordiske infrastruktur er for fragmenteret og for upr\u00e6cis.\u201d<\/p>\n<p>Det usynlige bliver synligt<br \/>\nDe gule streger illustrerer de ledninger, der eksisterer i jorden, men som ikke bliver vist i LER-registret. Med HeyPipe\u2122 er du sikker p\u00e5 at f\u00e5 alle eksisterende ledninger vist, fordi data i HeyPipe\u2122 stammer fra 3D-dokumentation af virkeligheden.<\/p>\n<p>Det usynlige bliver synligt<br \/>\nHeyPipe\u2122 er et avanceret, digitalt kort, hvor deling af data tjener alles interesser og indg\u00e5r i et st\u00f8rre samfundsperspektiv som one-point-of-entry til data om kritisk infrastruktur i undergrunden. Platformen skal udg\u00f8re et supplement til ledningsejerregistret LER med unik 3D-dokumentation af ledningsanl\u00e6g, billeder af ledningsarbejder, h\u00f8jdeoplysninger p\u00e5 samtlige ledninger samt en dokumentation af de ledninger, der ikke er kendte af ledningsejere.\u00a0<br \/>\n\u2013 Med HeyPipe\u2122 minimerer vi helt sikkert graveskader i vores anl\u00e6gsprojekter, fordi vi f\u00e5r en st\u00f8rre viden om undergrunden. Jo st\u00f8rre viden jo bedre kan vi ogs\u00e5 planl\u00e6gge vores projekter og sikre en effektiv afvikling, fastsl\u00e5r Peter Hjortdal, der er afdelingschef for Klima &#038; Afl\u00f8b i Aarhus Vand.<br \/>\n\u2013 Motivationen til at etablere HeyPipe\u2122 har ligget i et \u00f8nske om at f\u00e5 bedre, hurtigere og mere valide data b\u00e5de til gl\u00e6de for andre ledningsejere, entrepren\u00f8rer og egen virksomhed, understreger Peter Hjortdal.<\/p>\n<p>Peter Hjortdal, afdelingschef for Klima &#038; Afl\u00f8b i Aarhus Vand<br \/>\n\u201cMed HeyPipe\u2122 minimerer vi helt sikkert graveskader i vores anl\u00e6gsprojekter, fordi vi f\u00e5r en st\u00f8rre viden om undergrunden. Jo st\u00f8rre viden jo bedre kan vi ogs\u00e5 planl\u00e6gge vores projekter og sikre en effektiv afvikling.\u201d<\/p>\n<p>Torbj\u00f8rn M. Pedersen, forretninshef for LE34 Forsyning og adm. direkt\u00f8r i HeyPipe ApS<br \/>\n\u201cDet unikke ved HeyPipe\u2122 er delingen. I stedet for at beskytte sine egne 3D-data om vores f\u00e6lles infrastruktur i jorden, s\u00e5 deler vi dem med hinanden.\u201d<\/p>\n<p>Mere samarbejde \u2013 h\u00f8jere forsyningssikkerhed<br \/>\nHeyPipe\u2122 bygger videre p\u00e5 de senere \u00e5rs digitale revolution i forsyningsbranchen i form af blandt andet opm\u00e5lings-appen SmartSurvey\u2122, der oms\u00e6tter en video optaget med en almindelig smartphone til en m\u00e5lfast 3D-billeder (punktsky).<br \/>\n\u2013 Det unikke ved HeyPipe\u2122 er delingen. I stedet for at beskytte sine egne 3D-data om vores f\u00e6lles infrastruktur i jorden, s\u00e5 deler vi dem med hinanden. En slags digital crowd-sourcing platform til h\u00e5ndtering, deling og kortl\u00e6gning af data i den underjordiske infrastruktur, forklarer Torbj\u00f8rn M. Pedersen, der er forretningschef for LE34 Forsyning og nu ogs\u00e5 administrerende direkt\u00f8r i det nye selskab HeyPipe.<br \/>\n\u2013 N\u00e5r vi deler data med hinanden, bliver vi st\u00e6rkere og kan som samlet branche \u00f8ge effektiviteten og sikkerheden i anl\u00e6gsarbejde for nedgravning af ledninger i jorden, lige fra planl\u00e6gning til udf\u00f8rsel og dokumentation i hele landet. Det vil reducere de samlede omkostninger og gener ved gravearbejde, \u00f8ge forsyningssikkerheden og reducere graveskader og nedbrud, uddyber Torbj\u00f8rn M. Pedersen.<br \/>\n3D-punktskydata i HeyPipe\u2122 er en digital kopi af virkeligheden, der dokumenterer de faktiske forhold i jorden. Ogs\u00e5 de ledninger, der er ejet af andre end det selskab, der udf\u00f8rer det aktuelle anl\u00e6gs- eller reparationsarbejde. Forklaringen er, at punktskyen viser hele ledningsgraven sammenlignet med traditionel opm\u00e5ling, hvor man g\u00e5r ud og opm\u00e5ler egen ledning \u2013 og kun den \u2013 og ikke, hvad der ellers ligger af r\u00f8r og kabler i jorden.<\/p>\n<p>L\u00e6s mere p\u00e5 HeyPipes website<\/p>\n<p>F\u00e5 mere at vide<\/p>\n<p>Kontakt os for mere information om, hvordan du f\u00e5r kommer i gang med at f\u00e5 gavn af HeyPipe\u2122.<br \/>\nTorbj\u00f8rn M. Pedersen<br \/>\nForretningschef for IT34\/LE34 Forsyning samt administrerende direkt\u00f8r for HeyPipe ApS<br \/>\nEnergivej 34<br \/>\n2750 Ballerup<br \/>\nTlf. \u00a0+45 2688 3808<br \/>\ntmp@le34.dk<\/p>\n<p>Send mail til Torbj\u00f8rn M. Pedersen<\/p>\n","protected":false},"excerpt":{"rendered":"<p>HeyPipe\u2122 er stiftet i erkendelse af, at b\u00e5de private og offentlige virksomheder mangler et samlet overblik over, hvad der gemmer sig af samfundskritisk infrastruktur i jorden. En udfordring, vi er besluttet p\u00e5 at l\u00f8se HeyPipe\u2122 er en digital platform, der giver entrepren\u00f8rer, graveakt\u00f8rer, forsyninger og myndigheder en unik adgang til data, som skal spare samfundet [&hellip;]<\/p>\n","protected":false},"author":34,"featured_media":0,"parent":0,"menu_order":0,"comment_status":"closed","ping_status":"closed","template":"","meta":{"_acf_changed":false,"footnotes":""},"class_list":["post-6983","page","type-page","status-publish","hentry"],"acf":[],"yoast_head":"<!-- This site is optimized with the Yoast SEO plugin v27.4 - https:\/\/yoast.com\/product\/yoast-seo-wordpress\/ -->\n<title>IT34 leverer software til HeyPipe\u2122 -<\/title>\n<meta name=\"description\" content=\"IT34 leverer software til det nystiftede selskab, HeyPipe\u2122. Den digitale platform giver overblik over samfundskritisk infrastruktur i jorden.\" \/>\n<meta name=\"robots\" content=\"index, follow, max-snippet:-1, max-image-preview:large, max-video-preview:-1\" \/>\n<link rel=\"canonical\" href=\"https:\/\/it34.com\/da\/it34-leverer-software-til-heypipe\/\" \/>\n<meta property=\"og:locale\" content=\"da_DK\" \/>\n<meta property=\"og:type\" content=\"article\" \/>\n<meta property=\"og:title\" content=\"IT34 leverer software til HeyPipe\u2122 -\" \/>\n<meta property=\"og:description\" content=\"IT34 leverer software til det nystiftede selskab, HeyPipe\u2122. Den digitale platform giver overblik over samfundskritisk infrastruktur i jorden.\" \/>\n<meta property=\"og:url\" content=\"https:\/\/it34.com\/da\/it34-leverer-software-til-heypipe\/\" \/>\n<meta property=\"og:site_name\" content=\"IT34\" \/>\n<meta property=\"article:modified_time\" content=\"2024-06-20T08:19:07+00:00\" \/>\n<meta name=\"twitter:card\" content=\"summary_large_image\" \/>\n<meta name=\"twitter:label1\" content=\"Estimeret l\u00e6setid\" \/>\n\t<meta name=\"twitter:data1\" content=\"10 minutter\" \/>\n<script type=\"application\/ld+json\" class=\"yoast-schema-graph\">{\"@context\":\"https:\\\/\\\/schema.org\",\"@graph\":[{\"@type\":\"WebPage\",\"@id\":\"https:\\\/\\\/it34.com\\\/da\\\/it34-leverer-software-til-heypipe\\\/\",\"url\":\"https:\\\/\\\/it34.com\\\/da\\\/it34-leverer-software-til-heypipe\\\/\",\"name\":\"IT34 leverer software til HeyPipe\u2122 -\",\"isPartOf\":{\"@id\":\"https:\\\/\\\/it34.com\\\/da\\\/#website\"},\"datePublished\":\"2024-06-18T08:16:50+00:00\",\"dateModified\":\"2024-06-20T08:19:07+00:00\",\"description\":\"IT34 leverer software til det nystiftede selskab, HeyPipe\u2122. Den digitale platform giver overblik over samfundskritisk infrastruktur i jorden.\",\"breadcrumb\":{\"@id\":\"https:\\\/\\\/it34.com\\\/da\\\/it34-leverer-software-til-heypipe\\\/#breadcrumb\"},\"inLanguage\":\"da-DK\",\"potentialAction\":[{\"@type\":\"ReadAction\",\"target\":[\"https:\\\/\\\/it34.com\\\/da\\\/it34-leverer-software-til-heypipe\\\/\"]}]},{\"@type\":\"BreadcrumbList\",\"@id\":\"https:\\\/\\\/it34.com\\\/da\\\/it34-leverer-software-til-heypipe\\\/#breadcrumb\",\"itemListElement\":[{\"@type\":\"ListItem\",\"position\":1,\"name\":\"Home\",\"item\":\"https:\\\/\\\/it34.com\\\/da\\\/\"},{\"@type\":\"ListItem\",\"position\":2,\"name\":\"IT34 leverer software til HeyPipe\u2122\"}]},{\"@type\":\"WebSite\",\"@id\":\"https:\\\/\\\/it34.com\\\/da\\\/#website\",\"url\":\"https:\\\/\\\/it34.com\\\/da\\\/\",\"name\":\"IT34\",\"description\":\"IT34 makes it possible\",\"publisher\":{\"@id\":\"https:\\\/\\\/it34.com\\\/da\\\/#organization\"},\"potentialAction\":[{\"@type\":\"SearchAction\",\"target\":{\"@type\":\"EntryPoint\",\"urlTemplate\":\"https:\\\/\\\/it34.com\\\/da\\\/?s={search_term_string}\"},\"query-input\":{\"@type\":\"PropertyValueSpecification\",\"valueRequired\":true,\"valueName\":\"search_term_string\"}}],\"inLanguage\":\"da-DK\"},{\"@type\":\"Organization\",\"@id\":\"https:\\\/\\\/it34.com\\\/da\\\/#organization\",\"name\":\"IT34\",\"url\":\"https:\\\/\\\/it34.com\\\/da\\\/\",\"logo\":{\"@type\":\"ImageObject\",\"inLanguage\":\"da-DK\",\"@id\":\"https:\\\/\\\/it34.com\\\/da\\\/#\\\/schema\\\/logo\\\/image\\\/\",\"url\":\"https:\\\/\\\/it34.com\\\/wp-content\\\/uploads\\\/2024\\\/01\\\/cropped-it34.png\",\"contentUrl\":\"https:\\\/\\\/it34.com\\\/wp-content\\\/uploads\\\/2024\\\/01\\\/cropped-it34.png\",\"width\":512,\"height\":512,\"caption\":\"IT34\"},\"image\":{\"@id\":\"https:\\\/\\\/it34.com\\\/da\\\/#\\\/schema\\\/logo\\\/image\\\/\"},\"sameAs\":[\"https:\\\/\\\/www.linkedin.com\\\/company\\\/74469087\\\/admin\\\/feed\\\/posts\\\/\"]}]}<\/script>\n<!-- \/ Yoast SEO plugin. -->","yoast_head_json":{"title":"IT34 leverer software til HeyPipe\u2122 -","description":"IT34 leverer software til det nystiftede selskab, HeyPipe\u2122. Den digitale platform giver overblik over samfundskritisk infrastruktur i jorden.","robots":{"index":"index","follow":"follow","max-snippet":"max-snippet:-1","max-image-preview":"max-image-preview:large","max-video-preview":"max-video-preview:-1"},"canonical":"https:\/\/it34.com\/da\/it34-leverer-software-til-heypipe\/","og_locale":"da_DK","og_type":"article","og_title":"IT34 leverer software til HeyPipe\u2122 -","og_description":"IT34 leverer software til det nystiftede selskab, HeyPipe\u2122. Den digitale platform giver overblik over samfundskritisk infrastruktur i jorden.","og_url":"https:\/\/it34.com\/da\/it34-leverer-software-til-heypipe\/","og_site_name":"IT34","article_modified_time":"2024-06-20T08:19:07+00:00","twitter_card":"summary_large_image","twitter_misc":{"Estimeret l\u00e6setid":"10 minutter"},"schema":{"@context":"https:\/\/schema.org","@graph":[{"@type":"WebPage","@id":"https:\/\/it34.com\/da\/it34-leverer-software-til-heypipe\/","url":"https:\/\/it34.com\/da\/it34-leverer-software-til-heypipe\/","name":"IT34 leverer software til HeyPipe\u2122 -","isPartOf":{"@id":"https:\/\/it34.com\/da\/#website"},"datePublished":"2024-06-18T08:16:50+00:00","dateModified":"2024-06-20T08:19:07+00:00","description":"IT34 leverer software til det nystiftede selskab, HeyPipe\u2122. Den digitale platform giver overblik over samfundskritisk infrastruktur i jorden.","breadcrumb":{"@id":"https:\/\/it34.com\/da\/it34-leverer-software-til-heypipe\/#breadcrumb"},"inLanguage":"da-DK","potentialAction":[{"@type":"ReadAction","target":["https:\/\/it34.com\/da\/it34-leverer-software-til-heypipe\/"]}]},{"@type":"BreadcrumbList","@id":"https:\/\/it34.com\/da\/it34-leverer-software-til-heypipe\/#breadcrumb","itemListElement":[{"@type":"ListItem","position":1,"name":"Home","item":"https:\/\/it34.com\/da\/"},{"@type":"ListItem","position":2,"name":"IT34 leverer software til HeyPipe\u2122"}]},{"@type":"WebSite","@id":"https:\/\/it34.com\/da\/#website","url":"https:\/\/it34.com\/da\/","name":"IT34","description":"IT34 makes it possible","publisher":{"@id":"https:\/\/it34.com\/da\/#organization"},"potentialAction":[{"@type":"SearchAction","target":{"@type":"EntryPoint","urlTemplate":"https:\/\/it34.com\/da\/?s={search_term_string}"},"query-input":{"@type":"PropertyValueSpecification","valueRequired":true,"valueName":"search_term_string"}}],"inLanguage":"da-DK"},{"@type":"Organization","@id":"https:\/\/it34.com\/da\/#organization","name":"IT34","url":"https:\/\/it34.com\/da\/","logo":{"@type":"ImageObject","inLanguage":"da-DK","@id":"https:\/\/it34.com\/da\/#\/schema\/logo\/image\/","url":"https:\/\/it34.com\/wp-content\/uploads\/2024\/01\/cropped-it34.png","contentUrl":"https:\/\/it34.com\/wp-content\/uploads\/2024\/01\/cropped-it34.png","width":512,"height":512,"caption":"IT34"},"image":{"@id":"https:\/\/it34.com\/da\/#\/schema\/logo\/image\/"},"sameAs":["https:\/\/www.linkedin.com\/company\/74469087\/admin\/feed\/posts\/"]}]}},"_links":{"self":[{"href":"https:\/\/it34.com\/da\/wp-json\/wp\/v2\/pages\/6983","targetHints":{"allow":["GET"]}}],"collection":[{"href":"https:\/\/it34.com\/da\/wp-json\/wp\/v2\/pages"}],"about":[{"href":"https:\/\/it34.com\/da\/wp-json\/wp\/v2\/types\/page"}],"author":[{"embeddable":true,"href":"https:\/\/it34.com\/da\/wp-json\/wp\/v2\/users\/34"}],"replies":[{"embeddable":true,"href":"https:\/\/it34.com\/da\/wp-json\/wp\/v2\/comments?post=6983"}],"version-history":[{"count":9,"href":"https:\/\/it34.com\/da\/wp-json\/wp\/v2\/pages\/6983\/revisions"}],"predecessor-version":[{"id":7407,"href":"https:\/\/it34.com\/da\/wp-json\/wp\/v2\/pages\/6983\/revisions\/7407"}],"wp:attachment":[{"href":"https:\/\/it34.com\/da\/wp-json\/wp\/v2\/media?parent=6983"}],"curies":[{"name":"wp","href":"https:\/\/api.w.org\/{rel}","templated":true}]}}