{"id":7311,"date":"2024-09-05T11:04:53","date_gmt":"2024-09-05T10:04:53","guid":{"rendered":"https:\/\/it34.com\/?page_id=7311"},"modified":"2024-09-24T14:09:57","modified_gmt":"2024-09-24T13:09:57","slug":"nyheder-om-smartsurvey-september-2024","status":"publish","type":"page","link":"https:\/\/it34.com\/da\/nyheder-om-smartsurvey-september-2024\/","title":{"rendered":"Nyheder om SmartSurvey\u2122 (September 2024)"},"content":{"rendered":"<p>Modtag nyheder om SmartSurvey<\/p>\n<p>Relaterede l\u00f8sninger<br \/>\nFieldGIS\u2122<br \/>\nPointView\u00ae<br \/>\nTruePoint\u2122<\/p>\n<p>Nyhedsbrev | September 2024<br \/>\nDet seneste \u00e5r har vi udviklet en GNSS\/GPS-antenne, der fuldintegrerer med SmartSurvey\u2122. Med sin h\u00f8je n\u00f8jagtighed, brugervenlighed og robuste design er TruePoint\u2122 skr\u00e6ddersyet til 3D data capture, opm\u00e5ling og anden dataindsamling med centimeters pr\u00e6cision.<br \/>\n\u00a0<\/p>\n<p>Forbind SmartSurvey\u2122 med TruePoint\u2122<br \/>\nMed TruePoint\u2122 har vi gjort det komplekse enkelt. For at forbedre dataindsamlingen og forenkle arbejdsgangene har vi produceret vores egen GNSS\/GPS, der fuldintegrerer med SmartSurvey\u2122.<br \/>\nVi tilbyder l\u00f8sningen fuldintegreret med SmartSurvey\u2122, s\u00e5 den er klar til brug med det samme, og som en sidegevinst underst\u00f8tter n\u00f8jagtig samme setup FieldGIS\u2122, vores app til GIS-registrering og dataindsamling.<br \/>\nForbind med et enkelt klik, og begynd din opm\u00e5ling, registrering eller dataindsamling. Enkelt og effektivt.<\/p>\n<p>Kom i gang med TruePoint\u2122<\/p>\n<p>N\u00f8jagtige data i ethvert milj\u00f8<br \/>\nMed en v\u00e6gt p\u00e5 430 g og en batteritid p\u00e5 op til 24 timer er TruePoint\u2122 en p\u00e5lidelig GPS-l\u00f8sning til opm\u00e5ling, dataindsamling og GIS-registrering med h\u00f8j n\u00f8jagtighed i ethvert milj\u00f8.<\/p>\n<p>Forbedret AI-klassifikation<br \/>\nVi har tr\u00e6net klassifikationsalgoritmerne til at kunne identificere og klassificere fjernvarmer\u00f8r, s\u00e5 det ikke l\u00e6ngere kun er vandledninger, der bliver detekteret.<br \/>\nMed optimeringen f\u00f8lger et mere komplet overblik over ledningsnettet, hvor irrelevante data nemt kan blive filtreret, s\u00e5 det udelukkende er ledninger, der bliver fokuseret p\u00e5.<\/p>\n<p>Ny feature til billedinspektion<br \/>\nBilledinspektionsmodulet har f\u00e5et en opdatering, der g\u00f8r udv\u00e6lgelsen af billeder endnu nemmere. Vi har nemlig tilf\u00f8jet en feature, der g\u00f8r det nemt at v\u00e6lge det nabobillede, du finder mest sigende, ved at bruge den nye billedkarussel.<\/p>\n<p>Direkte integration til GIS via WFS<br \/>\nFor at lette arbejdet med de administrationsdata, forsyningerne anvender dagligt, har vi udviklet en nem og enkel integration til GIS via WFS-service.<br \/>\nVed at indl\u00e6se vores WFS-service kan du tr\u00e6kke informationer direkte fra SmartSurvey\u2122\u00a0eller PointView\u00ae\u00a0til din eksisterende GIS, s\u00e5 alle data bliver samlet \u00e9t sted.<\/p>\n<p>Stor opdatering til PointView\u00ae<br \/>\nMed etableringen af\u00a0HeyPipe\u2122\u00a0har det v\u00e6ret n\u00f8dvendigt at udvide vores integration mod LER.<br \/>\nDerfor har vi arbejdet p\u00e5 at implementere vores l\u00f8sninger LERGIS\u2122, PointView\u00ae\u00a0og SmartSurvey\u2122\u00a0i \u00e9n platform, der giver et samlet overblik over samfundskritisk infrastruktur i jorden.<br \/>\nDet har medf\u00f8rt en r\u00e6kke forbedringer, som ligeledes vil blive implementeret i PointView\u00ae. Opdateringen er fortsat under udvikling med forventet release i l\u00f8bet af efter\u00e5ret. I vil h\u00f8re mere, inden opdateringen bliver frigivet.<\/p>\n<p>F\u00e5 mere at vide<\/p>\n<p>Rasmus Lindeneg Johansen<\/p>\n","protected":false},"excerpt":{"rendered":"<p>Modtag nyheder om SmartSurvey Relaterede l\u00f8sninger FieldGIS\u2122 PointView\u00ae TruePoint\u2122 Nyhedsbrev | September 2024 Det seneste \u00e5r har vi udviklet en GNSS\/GPS-antenne, der fuldintegrerer med SmartSurvey\u2122. Med sin h\u00f8je n\u00f8jagtighed, brugervenlighed og robuste design er TruePoint\u2122 skr\u00e6ddersyet til 3D data capture, opm\u00e5ling og anden dataindsamling med centimeters pr\u00e6cision. \u00a0 Forbind SmartSurvey\u2122 med TruePoint\u2122 Med TruePoint\u2122 har [&hellip;]<\/p>\n","protected":false},"author":22,"featured_media":0,"parent":0,"menu_order":0,"comment_status":"closed","ping_status":"closed","template":"","meta":{"_acf_changed":false,"footnotes":""},"class_list":["post-7311","page","type-page","status-publish","hentry"],"acf":[],"yoast_head":"<!-- This site is optimized with the Yoast SEO plugin v27.5 - https:\/\/yoast.com\/product\/yoast-seo-wordpress\/ -->\n<title>SmartSurvey\u2122 - Nyhedsbrev, september 2024<\/title>\n<meta name=\"description\" content=\"SmartSurvey\u2122 er en teknologisk revolution, hvor simpel video bliver omsat til en kompleks 3D-punktsky. L\u00e6s de seneste nyheder her.\" \/>\n<meta name=\"robots\" content=\"index, follow, max-snippet:-1, max-image-preview:large, max-video-preview:-1\" \/>\n<link rel=\"canonical\" href=\"https:\/\/it34.com\/da\/nyheder-om-smartsurvey-september-2024\/\" \/>\n<meta property=\"og:locale\" content=\"da_DK\" \/>\n<meta property=\"og:type\" content=\"article\" \/>\n<meta property=\"og:title\" content=\"SmartSurvey\u2122 - Nyhedsbrev, september 2024\" \/>\n<meta property=\"og:description\" content=\"SmartSurvey\u2122 er en teknologisk revolution, hvor simpel video bliver omsat til en kompleks 3D-punktsky. L\u00e6s de seneste nyheder her.\" \/>\n<meta property=\"og:url\" content=\"https:\/\/it34.com\/da\/nyheder-om-smartsurvey-september-2024\/\" \/>\n<meta property=\"og:site_name\" content=\"IT34\" \/>\n<meta property=\"article:modified_time\" content=\"2024-09-24T13:09:57+00:00\" \/>\n<meta name=\"twitter:card\" content=\"summary_large_image\" \/>\n<meta name=\"twitter:label1\" content=\"Estimeret l\u00e6setid\" \/>\n\t<meta name=\"twitter:data1\" content=\"7 minutter\" \/>\n<script type=\"application\/ld+json\" class=\"yoast-schema-graph\">{\"@context\":\"https:\\\/\\\/schema.org\",\"@graph\":[{\"@type\":\"WebPage\",\"@id\":\"https:\\\/\\\/it34.com\\\/da\\\/nyheder-om-smartsurvey-september-2024\\\/\",\"url\":\"https:\\\/\\\/it34.com\\\/da\\\/nyheder-om-smartsurvey-september-2024\\\/\",\"name\":\"SmartSurvey\u2122 - Nyhedsbrev, september 2024\",\"isPartOf\":{\"@id\":\"https:\\\/\\\/it34.com\\\/da\\\/#website\"},\"datePublished\":\"2024-09-05T10:04:53+00:00\",\"dateModified\":\"2024-09-24T13:09:57+00:00\",\"description\":\"SmartSurvey\u2122 er en teknologisk revolution, hvor simpel video bliver omsat til en kompleks 3D-punktsky. L\u00e6s de seneste nyheder her.\",\"breadcrumb\":{\"@id\":\"https:\\\/\\\/it34.com\\\/da\\\/nyheder-om-smartsurvey-september-2024\\\/#breadcrumb\"},\"inLanguage\":\"da-DK\",\"potentialAction\":[{\"@type\":\"ReadAction\",\"target\":[\"https:\\\/\\\/it34.com\\\/da\\\/nyheder-om-smartsurvey-september-2024\\\/\"]}]},{\"@type\":\"BreadcrumbList\",\"@id\":\"https:\\\/\\\/it34.com\\\/da\\\/nyheder-om-smartsurvey-september-2024\\\/#breadcrumb\",\"itemListElement\":[{\"@type\":\"ListItem\",\"position\":1,\"name\":\"Home\",\"item\":\"https:\\\/\\\/it34.com\\\/da\\\/\"},{\"@type\":\"ListItem\",\"position\":2,\"name\":\"Nyheder om SmartSurvey\u2122 (September 2024)\"}]},{\"@type\":\"WebSite\",\"@id\":\"https:\\\/\\\/it34.com\\\/da\\\/#website\",\"url\":\"https:\\\/\\\/it34.com\\\/da\\\/\",\"name\":\"IT34\",\"description\":\"IT34 makes it possible\",\"publisher\":{\"@id\":\"https:\\\/\\\/it34.com\\\/da\\\/#organization\"},\"potentialAction\":[{\"@type\":\"SearchAction\",\"target\":{\"@type\":\"EntryPoint\",\"urlTemplate\":\"https:\\\/\\\/it34.com\\\/da\\\/?s={search_term_string}\"},\"query-input\":{\"@type\":\"PropertyValueSpecification\",\"valueRequired\":true,\"valueName\":\"search_term_string\"}}],\"inLanguage\":\"da-DK\"},{\"@type\":\"Organization\",\"@id\":\"https:\\\/\\\/it34.com\\\/da\\\/#organization\",\"name\":\"IT34\",\"url\":\"https:\\\/\\\/it34.com\\\/da\\\/\",\"logo\":{\"@type\":\"ImageObject\",\"inLanguage\":\"da-DK\",\"@id\":\"https:\\\/\\\/it34.com\\\/da\\\/#\\\/schema\\\/logo\\\/image\\\/\",\"url\":\"https:\\\/\\\/it34.com\\\/wp-content\\\/uploads\\\/2024\\\/01\\\/cropped-it34.png\",\"contentUrl\":\"https:\\\/\\\/it34.com\\\/wp-content\\\/uploads\\\/2024\\\/01\\\/cropped-it34.png\",\"width\":512,\"height\":512,\"caption\":\"IT34\"},\"image\":{\"@id\":\"https:\\\/\\\/it34.com\\\/da\\\/#\\\/schema\\\/logo\\\/image\\\/\"},\"sameAs\":[\"https:\\\/\\\/www.linkedin.com\\\/company\\\/74469087\\\/admin\\\/feed\\\/posts\\\/\"]}]}<\/script>\n<!-- \/ Yoast SEO plugin. -->","yoast_head_json":{"title":"SmartSurvey\u2122 - Nyhedsbrev, september 2024","description":"SmartSurvey\u2122 er en teknologisk revolution, hvor simpel video bliver omsat til en kompleks 3D-punktsky. L\u00e6s de seneste nyheder her.","robots":{"index":"index","follow":"follow","max-snippet":"max-snippet:-1","max-image-preview":"max-image-preview:large","max-video-preview":"max-video-preview:-1"},"canonical":"https:\/\/it34.com\/da\/nyheder-om-smartsurvey-september-2024\/","og_locale":"da_DK","og_type":"article","og_title":"SmartSurvey\u2122 - Nyhedsbrev, september 2024","og_description":"SmartSurvey\u2122 er en teknologisk revolution, hvor simpel video bliver omsat til en kompleks 3D-punktsky. L\u00e6s de seneste nyheder her.","og_url":"https:\/\/it34.com\/da\/nyheder-om-smartsurvey-september-2024\/","og_site_name":"IT34","article_modified_time":"2024-09-24T13:09:57+00:00","twitter_card":"summary_large_image","twitter_misc":{"Estimeret l\u00e6setid":"7 minutter"},"schema":{"@context":"https:\/\/schema.org","@graph":[{"@type":"WebPage","@id":"https:\/\/it34.com\/da\/nyheder-om-smartsurvey-september-2024\/","url":"https:\/\/it34.com\/da\/nyheder-om-smartsurvey-september-2024\/","name":"SmartSurvey\u2122 - Nyhedsbrev, september 2024","isPartOf":{"@id":"https:\/\/it34.com\/da\/#website"},"datePublished":"2024-09-05T10:04:53+00:00","dateModified":"2024-09-24T13:09:57+00:00","description":"SmartSurvey\u2122 er en teknologisk revolution, hvor simpel video bliver omsat til en kompleks 3D-punktsky. L\u00e6s de seneste nyheder her.","breadcrumb":{"@id":"https:\/\/it34.com\/da\/nyheder-om-smartsurvey-september-2024\/#breadcrumb"},"inLanguage":"da-DK","potentialAction":[{"@type":"ReadAction","target":["https:\/\/it34.com\/da\/nyheder-om-smartsurvey-september-2024\/"]}]},{"@type":"BreadcrumbList","@id":"https:\/\/it34.com\/da\/nyheder-om-smartsurvey-september-2024\/#breadcrumb","itemListElement":[{"@type":"ListItem","position":1,"name":"Home","item":"https:\/\/it34.com\/da\/"},{"@type":"ListItem","position":2,"name":"Nyheder om SmartSurvey\u2122 (September 2024)"}]},{"@type":"WebSite","@id":"https:\/\/it34.com\/da\/#website","url":"https:\/\/it34.com\/da\/","name":"IT34","description":"IT34 makes it possible","publisher":{"@id":"https:\/\/it34.com\/da\/#organization"},"potentialAction":[{"@type":"SearchAction","target":{"@type":"EntryPoint","urlTemplate":"https:\/\/it34.com\/da\/?s={search_term_string}"},"query-input":{"@type":"PropertyValueSpecification","valueRequired":true,"valueName":"search_term_string"}}],"inLanguage":"da-DK"},{"@type":"Organization","@id":"https:\/\/it34.com\/da\/#organization","name":"IT34","url":"https:\/\/it34.com\/da\/","logo":{"@type":"ImageObject","inLanguage":"da-DK","@id":"https:\/\/it34.com\/da\/#\/schema\/logo\/image\/","url":"https:\/\/it34.com\/wp-content\/uploads\/2024\/01\/cropped-it34.png","contentUrl":"https:\/\/it34.com\/wp-content\/uploads\/2024\/01\/cropped-it34.png","width":512,"height":512,"caption":"IT34"},"image":{"@id":"https:\/\/it34.com\/da\/#\/schema\/logo\/image\/"},"sameAs":["https:\/\/www.linkedin.com\/company\/74469087\/admin\/feed\/posts\/"]}]}},"_links":{"self":[{"href":"https:\/\/it34.com\/da\/wp-json\/wp\/v2\/pages\/7311","targetHints":{"allow":["GET"]}}],"collection":[{"href":"https:\/\/it34.com\/da\/wp-json\/wp\/v2\/pages"}],"about":[{"href":"https:\/\/it34.com\/da\/wp-json\/wp\/v2\/types\/page"}],"author":[{"embeddable":true,"href":"https:\/\/it34.com\/da\/wp-json\/wp\/v2\/users\/22"}],"replies":[{"embeddable":true,"href":"https:\/\/it34.com\/da\/wp-json\/wp\/v2\/comments?post=7311"}],"version-history":[{"count":35,"href":"https:\/\/it34.com\/da\/wp-json\/wp\/v2\/pages\/7311\/revisions"}],"predecessor-version":[{"id":7578,"href":"https:\/\/it34.com\/da\/wp-json\/wp\/v2\/pages\/7311\/revisions\/7578"}],"wp:attachment":[{"href":"https:\/\/it34.com\/da\/wp-json\/wp\/v2\/media?parent=7311"}],"curies":[{"name":"wp","href":"https:\/\/api.w.org\/{rel}","templated":true}]}}