{"id":7764,"date":"2025-03-27T20:05:42","date_gmt":"2025-03-27T19:05:42","guid":{"rendered":"https:\/\/it34.com\/?page_id=7764"},"modified":"2025-03-28T09:18:51","modified_gmt":"2025-03-28T08:18:51","slug":"nyheder-om-smartsurvey-marts-2025","status":"publish","type":"page","link":"https:\/\/it34.com\/da\/nyheder-om-smartsurvey-marts-2025\/","title":{"rendered":"Nyheder om SmartSurvey\u2122 (Marts 2025)"},"content":{"rendered":"<p>Modtag nyheder om SmartSurvey\u2122<\/p>\n<p>Nyt design s\u00e6tter fokus p\u00e5 brugervenligheden<br \/>\nB\u00e5de PointView\u00ae og SmartSurvey\u2122 har gennemg\u00e5et en tilbundsg\u00e5ende revision. SmartSurvey\u2122-appen bliver erstattet af en ny, mere brugervenlig app, mens PointView\u00ae-platformen har f\u00e5et en stor overhaling rent visuelt og funktionelt.<br \/>\nDet har v\u00e6ret en prioriteret at forbedre sikkerheden og at g\u00f8re platformen mere robust. Samtidig har vi l\u00e6nge \u00f8nsket at bringe PointView\u00ae t\u00e6ttere p\u00e5 vores andre services. Derfor er brugergr\u00e6nsefladen og kortinterfacet blevet opdateret, s\u00e5 platformen er blevet mere brugervenlig og tidssvarende.<br \/>\nVi forventer en release af PointView\u00ae i starten af april 2025.<\/p>\n<p>Nyt design<br \/>\nDen nye opdatering af SmartSurvey\u2122 og PointView\u00ae byder p\u00e5 \u00f8get brugervenlighed og et mere tidssvarende interface.<\/p>\n<p>Udstilling af ortomosaikker<br \/>\nFor at skabe en s\u00f8ml\u00f8s brugeroplevelse med komplet overblik over ledningsdatabasen, har vi i lang tid kunne tilbyde en direkte integration med vores kunders GIS-platform til udstilling af data indsamlet med SmartSurvey\u2122.<br \/>\nVi har nu udvidet vores service til at omfatte de ortomosaikker, som bliver beregnet i forbindelse med punktskysproduktionen, for at g\u00f8re det nemmere at administrere og sammenstille dine data.<br \/>\nMed udstillingen af ortomosaikker kan du se den \u00e5bne ledningsgrav sammen med din ledningsdatabase. Det skaber klarhed, s\u00e5 du hurtigt kan f\u00e5 overblik over anl\u00e6gshuller og andre interesseomr\u00e5der, direkte i din kortvisning.<\/p>\n<p>Digitalt overblik<br \/>\nVia fotogrammetri skaber ortomosaikker et detaljeret overblik over anl\u00e6gshullet oppefra.<\/p>\n<p>K\u00f8benhavn: HOFOR har valgt SmartSurvey\u2122<br \/>\nHovedstadsomr\u00e5dets Forsyningsselskab, Danmarks st\u00f8rste lokale forsyner, har valgt at dokumentere deres anl\u00e6gshuller med SmartSurvey\u2122.<br \/>\nTil form\u00e5let vil HOFOR kombinere vores innovative SmartSurvey\u2122-teknologi med TruePoint\u2122 for at sikre den n\u00f8dvendige pr\u00e6cision i marken og p\u00e5 kontoret. Samarbejdet startede op i februar, hvor vi begyndte at opl\u00e6re en r\u00e6kke n\u00f8glemedarbejdere i indsamlingen af 3D-dokumentation, s\u00e5 l\u00f8sningen for alvor kan blive sat i produktion.<br \/>\nVi ser frem til at underst\u00f8tte HOFOR med n\u00f8jagtig dokumentation, s\u00e5 de fortsat kan levere h\u00f8j forsyningssikkerhed og kvalitet til hovedstadsomr\u00e5dets over 1 million mennesker.<\/p>\n<p>Z\u00fcrich: Dokumentation med PointView\u00ae<br \/>\nI forbindelse med fjernvarmeudrulningen i den schweiziske storby Z\u00fcrich har vi indledt et samarbejde med det etablerede energiselskab Energie 360\u00b0 AG, der er specialiseret i b\u00e6redygtige energil\u00f8sninger.<br \/>\nGrundet omgivelsernes arkitektoniske og terr\u00e6nm\u00e6ssige udfordringer har Energie 360\u00b0 AG valgt at dokumentere fjernvarmeudrulningen med dronebilleder, der efterf\u00f8lgende bliver udstillet i PointView\u00ae, for nemt og hurtigt at kunne sikre et komplet overblik, s\u00e5 planl\u00e6gningen og udf\u00f8rslen bliver lettere at h\u00e5ndtere.<br \/>\nVed at integrere deres dronedata i PointView\u00ae f\u00e5r Energie 360\u00b0 AG det n\u00f8dvendige digitale overblik over byggepladsen, som projektet kr\u00e6ver, mens dokumentation og kortopdatering er sikret til fremtidig brug.<\/p>\n<p>Tokyo: Samarbejde om 3D-dokumentation<br \/>\nHvordan gennemf\u00f8rer man en 3D-revolution, n\u00e5r man er ansvarlig for opm\u00e5ling og servicering af 60.000 km gasledninger i Tokyo? Kyoshin Giken rejste til Danmark og fik en introduktion til, hvordan SmartSurvey\u2122 og PointView\u00ae kan netop det: revolutionere opm\u00e5ling i form af en komplet 3D-model af underjordisk forsyningsinfrastruktur.<br \/>\nKyoshin Giken er specialiseret i opm\u00e5ling for forsyningsselskaber og servicerer blandt andet Tokyo Gas, der har et imponerende netv\u00e6rk p\u00e5 60.000 km gasledninger \u2013 svarende til den samlede l\u00e6ngde af afl\u00f8bsledninger i hele Danmark.<br \/>\nUnder bes\u00f8get var vi blandt andet forbi en af vores eksisterende danske kunder, der delte deres erfaringer med SmartSurvey\u2122 og forklarede, hvorfor de valgte at implementere l\u00f8sningen. Virksomheden tog hjem til Japan med en omfattende viden om SmartSurvey\u2122 og en aftale om at p\u00e5begynde arbejdet med 3D-dokumentation af ledninger i undergrunden, s\u00e5 de kan opleve de store fordele ved teknologien.<\/p>\n<p>Arrangementer<\/p>\n<p>Kursus: S\u00e5dan g\u00f8r du, data fra LER<br \/>\nSom noget nyt er vi begyndt at udbyde kurser med nogle af landets f\u00f8rende specialister.<br \/>\nDette kursus har til form\u00e5l at give en forst\u00e5else for h\u00e5ndteringen af data fra LER 2.0. Deltagerne vil l\u00e6re at anvende data fra systemet effektivt for at sikre optimal h\u00e5ndtering af den ledningspakke, som LER danner med henblik p\u00e5 at minimere risici for graveskader. Til kurset vil du f\u00e5 f\u00f8lgende indsigter med dig:<br \/>\n\u2022 Konkrete v\u00e6rkt\u00f8jer til at forst\u00e5 forskellige muligheder for h\u00e5ndtering af data fra LER 2.0<br \/>\n\u2022 Konkret GIS-viden, du kan tage med hjem til egen virksomhed<br \/>\n\u2022 Viden om lettere h\u00e5ndtering af graveforesp\u00f8rgsler i din organisation<br \/>\n\u2022 Gennemgang af en r\u00e6kke forskellige brugsscenarier og anvisning af konkrete redskaber til de forskellige scenarier<br \/>\nTilmelding via f\u00f8lgende link: https:\/\/www.le34.dk\/da\/webinar-saadan-goer-du-data-fra-ler\/<\/p>\n<p>Brugergruppem\u00f8de<br \/>\nDen 01. april afholdes der brugergruppem\u00f8de hos Severin i Middelfart fra kl. 10.00 &#8211; 14.30.<br \/>\nBrugergruppen er for alle brugere af SmartSurvey\u2122 og PointView\u00ae, der \u00f8nsker dybere indsigt i l\u00f8sningerne, og som \u00f8nsker at tage del i den videre udvikling.<br \/>\nProgrammet er forel\u00f8bigt og ser ud som f\u00f8lger:<br \/>\n09.30 \u2013 10.00<br \/>\n\u2022 Ankomst, kaffe &#038; croissant, networking<br \/>\n10.00 \u2013 12.00<br \/>\n\u2022 3D-dokumentation i Danmark, status og forventninger<br \/>\n\u2022 SmartSurvey og PointView nyheder og planer<br \/>\n\u2022 Brugerpanel (interview\/samtale)<br \/>\n12.00 \u2013 12.45<br \/>\n\u2022 Frokost og networking<br \/>\n12.45 \u2013 14.30<br \/>\n\u2022 3D-dokumentation: use cases, tips og anvendelsesomr\u00e5der<br \/>\n\u2022 Reduktion af graveskader ved brug af 3D-dokumentation, AI mv.<br \/>\n\u2022 Introduktion til HeyPipe\u2122<br \/>\n\u2022 Organisering af brugergruppen fremadrettet<br \/>\nDeltagelse i brugergruppen er gratis og vil blive gentaget senere p\u00e5 \u00e5ret.<\/p>\n<p>F\u00e5 mere at vide<\/p>\n<p>Rasmus Lindeneg Johansen<\/p>\n","protected":false},"excerpt":{"rendered":"<p>Modtag nyheder om SmartSurvey\u2122 Nyt design s\u00e6tter fokus p\u00e5 brugervenligheden B\u00e5de PointView\u00ae og SmartSurvey\u2122 har gennemg\u00e5et en tilbundsg\u00e5ende revision. SmartSurvey\u2122-appen bliver erstattet af en ny, mere brugervenlig app, mens PointView\u00ae-platformen har f\u00e5et en stor overhaling rent visuelt og funktionelt. Det har v\u00e6ret en prioriteret at forbedre sikkerheden og at g\u00f8re platformen mere robust. Samtidig har [&hellip;]<\/p>\n","protected":false},"author":22,"featured_media":0,"parent":0,"menu_order":0,"comment_status":"closed","ping_status":"closed","template":"","meta":{"_acf_changed":false,"footnotes":""},"class_list":["post-7764","page","type-page","status-publish","hentry"],"acf":[],"yoast_head":"<!-- This site is optimized with the Yoast SEO plugin v27.5 - https:\/\/yoast.com\/product\/yoast-seo-wordpress\/ -->\n<title>SmartSurvey\u2122 - Nyhedsbrev, februar 2025<\/title>\n<meta name=\"description\" content=\"SmartSurvey\u2122 er en teknologisk revolution, hvor simpel video bliver omsat til en kompleks 3D-punktsky. L\u00e6s de seneste nyheder her.\" \/>\n<meta name=\"robots\" content=\"index, follow, max-snippet:-1, max-image-preview:large, max-video-preview:-1\" \/>\n<link rel=\"canonical\" href=\"https:\/\/it34.com\/da\/nyheder-om-smartsurvey-marts-2025\/\" \/>\n<meta property=\"og:locale\" content=\"da_DK\" \/>\n<meta property=\"og:type\" content=\"article\" \/>\n<meta property=\"og:title\" content=\"SmartSurvey\u2122 - Nyhedsbrev, februar 2025\" \/>\n<meta property=\"og:description\" content=\"SmartSurvey\u2122 er en teknologisk revolution, hvor simpel video bliver omsat til en kompleks 3D-punktsky. L\u00e6s de seneste nyheder her.\" \/>\n<meta property=\"og:url\" content=\"https:\/\/it34.com\/da\/nyheder-om-smartsurvey-marts-2025\/\" \/>\n<meta property=\"og:site_name\" content=\"IT34\" \/>\n<meta property=\"article:modified_time\" content=\"2025-03-28T08:18:51+00:00\" \/>\n<meta name=\"twitter:card\" content=\"summary_large_image\" \/>\n<meta name=\"twitter:label1\" content=\"Estimeret l\u00e6setid\" \/>\n\t<meta name=\"twitter:data1\" content=\"11 minutter\" \/>\n<script type=\"application\/ld+json\" class=\"yoast-schema-graph\">{\"@context\":\"https:\\\/\\\/schema.org\",\"@graph\":[{\"@type\":\"WebPage\",\"@id\":\"https:\\\/\\\/it34.com\\\/da\\\/nyheder-om-smartsurvey-marts-2025\\\/\",\"url\":\"https:\\\/\\\/it34.com\\\/da\\\/nyheder-om-smartsurvey-marts-2025\\\/\",\"name\":\"SmartSurvey\u2122 - Nyhedsbrev, februar 2025\",\"isPartOf\":{\"@id\":\"https:\\\/\\\/it34.com\\\/da\\\/#website\"},\"datePublished\":\"2025-03-27T19:05:42+00:00\",\"dateModified\":\"2025-03-28T08:18:51+00:00\",\"description\":\"SmartSurvey\u2122 er en teknologisk revolution, hvor simpel video bliver omsat til en kompleks 3D-punktsky. L\u00e6s de seneste nyheder her.\",\"breadcrumb\":{\"@id\":\"https:\\\/\\\/it34.com\\\/da\\\/nyheder-om-smartsurvey-marts-2025\\\/#breadcrumb\"},\"inLanguage\":\"da-DK\",\"potentialAction\":[{\"@type\":\"ReadAction\",\"target\":[\"https:\\\/\\\/it34.com\\\/da\\\/nyheder-om-smartsurvey-marts-2025\\\/\"]}]},{\"@type\":\"BreadcrumbList\",\"@id\":\"https:\\\/\\\/it34.com\\\/da\\\/nyheder-om-smartsurvey-marts-2025\\\/#breadcrumb\",\"itemListElement\":[{\"@type\":\"ListItem\",\"position\":1,\"name\":\"Home\",\"item\":\"https:\\\/\\\/it34.com\\\/da\\\/\"},{\"@type\":\"ListItem\",\"position\":2,\"name\":\"Nyheder om SmartSurvey\u2122 (Marts 2025)\"}]},{\"@type\":\"WebSite\",\"@id\":\"https:\\\/\\\/it34.com\\\/da\\\/#website\",\"url\":\"https:\\\/\\\/it34.com\\\/da\\\/\",\"name\":\"IT34\",\"description\":\"IT34 makes it possible\",\"publisher\":{\"@id\":\"https:\\\/\\\/it34.com\\\/da\\\/#organization\"},\"potentialAction\":[{\"@type\":\"SearchAction\",\"target\":{\"@type\":\"EntryPoint\",\"urlTemplate\":\"https:\\\/\\\/it34.com\\\/da\\\/?s={search_term_string}\"},\"query-input\":{\"@type\":\"PropertyValueSpecification\",\"valueRequired\":true,\"valueName\":\"search_term_string\"}}],\"inLanguage\":\"da-DK\"},{\"@type\":\"Organization\",\"@id\":\"https:\\\/\\\/it34.com\\\/da\\\/#organization\",\"name\":\"IT34\",\"url\":\"https:\\\/\\\/it34.com\\\/da\\\/\",\"logo\":{\"@type\":\"ImageObject\",\"inLanguage\":\"da-DK\",\"@id\":\"https:\\\/\\\/it34.com\\\/da\\\/#\\\/schema\\\/logo\\\/image\\\/\",\"url\":\"https:\\\/\\\/it34.com\\\/wp-content\\\/uploads\\\/2024\\\/01\\\/cropped-it34.png\",\"contentUrl\":\"https:\\\/\\\/it34.com\\\/wp-content\\\/uploads\\\/2024\\\/01\\\/cropped-it34.png\",\"width\":512,\"height\":512,\"caption\":\"IT34\"},\"image\":{\"@id\":\"https:\\\/\\\/it34.com\\\/da\\\/#\\\/schema\\\/logo\\\/image\\\/\"},\"sameAs\":[\"https:\\\/\\\/www.linkedin.com\\\/company\\\/74469087\\\/admin\\\/feed\\\/posts\\\/\"]}]}<\/script>\n<!-- \/ Yoast SEO plugin. -->","yoast_head_json":{"title":"SmartSurvey\u2122 - Nyhedsbrev, februar 2025","description":"SmartSurvey\u2122 er en teknologisk revolution, hvor simpel video bliver omsat til en kompleks 3D-punktsky. L\u00e6s de seneste nyheder her.","robots":{"index":"index","follow":"follow","max-snippet":"max-snippet:-1","max-image-preview":"max-image-preview:large","max-video-preview":"max-video-preview:-1"},"canonical":"https:\/\/it34.com\/da\/nyheder-om-smartsurvey-marts-2025\/","og_locale":"da_DK","og_type":"article","og_title":"SmartSurvey\u2122 - Nyhedsbrev, februar 2025","og_description":"SmartSurvey\u2122 er en teknologisk revolution, hvor simpel video bliver omsat til en kompleks 3D-punktsky. L\u00e6s de seneste nyheder her.","og_url":"https:\/\/it34.com\/da\/nyheder-om-smartsurvey-marts-2025\/","og_site_name":"IT34","article_modified_time":"2025-03-28T08:18:51+00:00","twitter_card":"summary_large_image","twitter_misc":{"Estimeret l\u00e6setid":"11 minutter"},"schema":{"@context":"https:\/\/schema.org","@graph":[{"@type":"WebPage","@id":"https:\/\/it34.com\/da\/nyheder-om-smartsurvey-marts-2025\/","url":"https:\/\/it34.com\/da\/nyheder-om-smartsurvey-marts-2025\/","name":"SmartSurvey\u2122 - Nyhedsbrev, februar 2025","isPartOf":{"@id":"https:\/\/it34.com\/da\/#website"},"datePublished":"2025-03-27T19:05:42+00:00","dateModified":"2025-03-28T08:18:51+00:00","description":"SmartSurvey\u2122 er en teknologisk revolution, hvor simpel video bliver omsat til en kompleks 3D-punktsky. L\u00e6s de seneste nyheder her.","breadcrumb":{"@id":"https:\/\/it34.com\/da\/nyheder-om-smartsurvey-marts-2025\/#breadcrumb"},"inLanguage":"da-DK","potentialAction":[{"@type":"ReadAction","target":["https:\/\/it34.com\/da\/nyheder-om-smartsurvey-marts-2025\/"]}]},{"@type":"BreadcrumbList","@id":"https:\/\/it34.com\/da\/nyheder-om-smartsurvey-marts-2025\/#breadcrumb","itemListElement":[{"@type":"ListItem","position":1,"name":"Home","item":"https:\/\/it34.com\/da\/"},{"@type":"ListItem","position":2,"name":"Nyheder om SmartSurvey\u2122 (Marts 2025)"}]},{"@type":"WebSite","@id":"https:\/\/it34.com\/da\/#website","url":"https:\/\/it34.com\/da\/","name":"IT34","description":"IT34 makes it possible","publisher":{"@id":"https:\/\/it34.com\/da\/#organization"},"potentialAction":[{"@type":"SearchAction","target":{"@type":"EntryPoint","urlTemplate":"https:\/\/it34.com\/da\/?s={search_term_string}"},"query-input":{"@type":"PropertyValueSpecification","valueRequired":true,"valueName":"search_term_string"}}],"inLanguage":"da-DK"},{"@type":"Organization","@id":"https:\/\/it34.com\/da\/#organization","name":"IT34","url":"https:\/\/it34.com\/da\/","logo":{"@type":"ImageObject","inLanguage":"da-DK","@id":"https:\/\/it34.com\/da\/#\/schema\/logo\/image\/","url":"https:\/\/it34.com\/wp-content\/uploads\/2024\/01\/cropped-it34.png","contentUrl":"https:\/\/it34.com\/wp-content\/uploads\/2024\/01\/cropped-it34.png","width":512,"height":512,"caption":"IT34"},"image":{"@id":"https:\/\/it34.com\/da\/#\/schema\/logo\/image\/"},"sameAs":["https:\/\/www.linkedin.com\/company\/74469087\/admin\/feed\/posts\/"]}]}},"_links":{"self":[{"href":"https:\/\/it34.com\/da\/wp-json\/wp\/v2\/pages\/7764","targetHints":{"allow":["GET"]}}],"collection":[{"href":"https:\/\/it34.com\/da\/wp-json\/wp\/v2\/pages"}],"about":[{"href":"https:\/\/it34.com\/da\/wp-json\/wp\/v2\/types\/page"}],"author":[{"embeddable":true,"href":"https:\/\/it34.com\/da\/wp-json\/wp\/v2\/users\/22"}],"replies":[{"embeddable":true,"href":"https:\/\/it34.com\/da\/wp-json\/wp\/v2\/comments?post=7764"}],"version-history":[{"count":26,"href":"https:\/\/it34.com\/da\/wp-json\/wp\/v2\/pages\/7764\/revisions"}],"predecessor-version":[{"id":7812,"href":"https:\/\/it34.com\/da\/wp-json\/wp\/v2\/pages\/7764\/revisions\/7812"}],"wp:attachment":[{"href":"https:\/\/it34.com\/da\/wp-json\/wp\/v2\/media?parent=7764"}],"curies":[{"name":"wp","href":"https:\/\/api.w.org\/{rel}","templated":true}]}}