{"id":6654,"date":"2021-01-26T15:38:41","date_gmt":"2021-01-26T14:38:41","guid":{"rendered":"https:\/\/it34.com\/danmarks-stoerste-landinspektoerfirma-indtager-it-branchen-med-opkoeb\/"},"modified":"2024-03-11T15:46:55","modified_gmt":"2024-03-11T14:46:55","slug":"danmarks-storste-landinspektorfirma-indtager-branchen-med-opkob","status":"publish","type":"page","link":"https:\/\/it34.com\/en\/danmarks-storste-landinspektorfirma-indtager-branchen-med-opkob\/","title":{"rendered":"Danmarks st\u00f8rste landinspekt\u00f8rfirma indtager it-branchen med opk\u00f8b"},"content":{"rendered":"","protected":false},"excerpt":{"rendered":"","protected":false},"author":2,"featured_media":0,"parent":0,"menu_order":0,"comment_status":"closed","ping_status":"closed","template":"","meta":{"_acf_changed":false,"footnotes":""},"class_list":["post-6654","page","type-page","status-publish","hentry"],"acf":[],"yoast_head":"<!-- This site is optimized with the Yoast SEO plugin v27.5 - https:\/\/yoast.com\/product\/yoast-seo-wordpress\/ -->\n<title>Danmarks st\u00f8rste landinspekt\u00f8rfirma indtager it-branchen med opk\u00f8b - IT34<\/title>\n<meta name=\"description\" content=\"Efter stor succes med dets it-l\u00f8sninger, lancerer det fremadstormende landinspekt\u00f8rfirma LE34 nu sit eget it-selskab under navnet IT34 A\/S\" \/>\n<meta name=\"robots\" content=\"index, follow, max-snippet:-1, max-image-preview:large, max-video-preview:-1\" \/>\n<link rel=\"canonical\" href=\"https:\/\/it34.com\/en\/danmarks-storste-landinspektorfirma-indtager-branchen-med-opkob\/\" \/>\n<meta property=\"og:locale\" content=\"en_US\" \/>\n<meta property=\"og:type\" content=\"article\" \/>\n<meta property=\"og:title\" content=\"Danmarks st\u00f8rste landinspekt\u00f8rfirma indtager it-branchen med opk\u00f8b - IT34\" \/>\n<meta property=\"og:description\" content=\"Efter stor succes med dets it-l\u00f8sninger, lancerer det fremadstormende landinspekt\u00f8rfirma LE34 nu sit eget it-selskab under navnet IT34 A\/S\" \/>\n<meta property=\"og:url\" content=\"https:\/\/it34.com\/en\/danmarks-storste-landinspektorfirma-indtager-branchen-med-opkob\/\" \/>\n<meta property=\"og:site_name\" content=\"IT34\" \/>\n<meta property=\"article:modified_time\" content=\"2024-03-11T14:46:55+00:00\" \/>\n<meta name=\"twitter:card\" content=\"summary_large_image\" \/>\n<script type=\"application\/ld+json\" class=\"yoast-schema-graph\">{\"@context\":\"https:\\\/\\\/schema.org\",\"@graph\":[{\"@type\":\"WebPage\",\"@id\":\"https:\\\/\\\/it34.com\\\/en\\\/danmarks-storste-landinspektorfirma-indtager-branchen-med-opkob\\\/\",\"url\":\"https:\\\/\\\/it34.com\\\/en\\\/danmarks-storste-landinspektorfirma-indtager-branchen-med-opkob\\\/\",\"name\":\"Danmarks st\u00f8rste landinspekt\u00f8rfirma indtager it-branchen med opk\u00f8b - IT34\",\"isPartOf\":{\"@id\":\"https:\\\/\\\/it34.com\\\/en\\\/#website\"},\"datePublished\":\"2021-01-26T14:38:41+00:00\",\"dateModified\":\"2024-03-11T14:46:55+00:00\",\"description\":\"Efter stor succes med dets it-l\u00f8sninger, lancerer det fremadstormende landinspekt\u00f8rfirma LE34 nu sit eget it-selskab under navnet IT34 A\\\/S\",\"breadcrumb\":{\"@id\":\"https:\\\/\\\/it34.com\\\/en\\\/danmarks-storste-landinspektorfirma-indtager-branchen-med-opkob\\\/#breadcrumb\"},\"inLanguage\":\"en-US\",\"potentialAction\":[{\"@type\":\"ReadAction\",\"target\":[\"https:\\\/\\\/it34.com\\\/en\\\/danmarks-storste-landinspektorfirma-indtager-branchen-med-opkob\\\/\"]}]},{\"@type\":\"BreadcrumbList\",\"@id\":\"https:\\\/\\\/it34.com\\\/en\\\/danmarks-storste-landinspektorfirma-indtager-branchen-med-opkob\\\/#breadcrumb\",\"itemListElement\":[{\"@type\":\"ListItem\",\"position\":1,\"name\":\"Home\",\"item\":\"https:\\\/\\\/it34.com\\\/en\\\/\"},{\"@type\":\"ListItem\",\"position\":2,\"name\":\"Danmarks st\u00f8rste landinspekt\u00f8rfirma indtager it-branchen med opk\u00f8b\"}]},{\"@type\":\"WebSite\",\"@id\":\"https:\\\/\\\/it34.com\\\/en\\\/#website\",\"url\":\"https:\\\/\\\/it34.com\\\/en\\\/\",\"name\":\"IT34\",\"description\":\"IT34 makes it possible\",\"publisher\":{\"@id\":\"https:\\\/\\\/it34.com\\\/en\\\/#organization\"},\"potentialAction\":[{\"@type\":\"SearchAction\",\"target\":{\"@type\":\"EntryPoint\",\"urlTemplate\":\"https:\\\/\\\/it34.com\\\/en\\\/?s={search_term_string}\"},\"query-input\":{\"@type\":\"PropertyValueSpecification\",\"valueRequired\":true,\"valueName\":\"search_term_string\"}}],\"inLanguage\":\"en-US\"},{\"@type\":\"Organization\",\"@id\":\"https:\\\/\\\/it34.com\\\/en\\\/#organization\",\"name\":\"IT34\",\"url\":\"https:\\\/\\\/it34.com\\\/en\\\/\",\"logo\":{\"@type\":\"ImageObject\",\"inLanguage\":\"en-US\",\"@id\":\"https:\\\/\\\/it34.com\\\/en\\\/#\\\/schema\\\/logo\\\/image\\\/\",\"url\":\"https:\\\/\\\/it34.com\\\/wp-content\\\/uploads\\\/2024\\\/01\\\/cropped-it34.png\",\"contentUrl\":\"https:\\\/\\\/it34.com\\\/wp-content\\\/uploads\\\/2024\\\/01\\\/cropped-it34.png\",\"width\":512,\"height\":512,\"caption\":\"IT34\"},\"image\":{\"@id\":\"https:\\\/\\\/it34.com\\\/en\\\/#\\\/schema\\\/logo\\\/image\\\/\"},\"sameAs\":[\"https:\\\/\\\/www.linkedin.com\\\/company\\\/74469087\\\/admin\\\/feed\\\/posts\\\/\"]}]}<\/script>\n<!-- \/ Yoast SEO plugin. -->","yoast_head_json":{"title":"Danmarks st\u00f8rste landinspekt\u00f8rfirma indtager it-branchen med opk\u00f8b - IT34","description":"Efter stor succes med dets it-l\u00f8sninger, lancerer det fremadstormende landinspekt\u00f8rfirma LE34 nu sit eget it-selskab under navnet IT34 A\/S","robots":{"index":"index","follow":"follow","max-snippet":"max-snippet:-1","max-image-preview":"max-image-preview:large","max-video-preview":"max-video-preview:-1"},"canonical":"https:\/\/it34.com\/en\/danmarks-storste-landinspektorfirma-indtager-branchen-med-opkob\/","og_locale":"en_US","og_type":"article","og_title":"Danmarks st\u00f8rste landinspekt\u00f8rfirma indtager it-branchen med opk\u00f8b - IT34","og_description":"Efter stor succes med dets it-l\u00f8sninger, lancerer det fremadstormende landinspekt\u00f8rfirma LE34 nu sit eget it-selskab under navnet IT34 A\/S","og_url":"https:\/\/it34.com\/en\/danmarks-storste-landinspektorfirma-indtager-branchen-med-opkob\/","og_site_name":"IT34","article_modified_time":"2024-03-11T14:46:55+00:00","twitter_card":"summary_large_image","schema":{"@context":"https:\/\/schema.org","@graph":[{"@type":"WebPage","@id":"https:\/\/it34.com\/en\/danmarks-storste-landinspektorfirma-indtager-branchen-med-opkob\/","url":"https:\/\/it34.com\/en\/danmarks-storste-landinspektorfirma-indtager-branchen-med-opkob\/","name":"Danmarks st\u00f8rste landinspekt\u00f8rfirma indtager it-branchen med opk\u00f8b - IT34","isPartOf":{"@id":"https:\/\/it34.com\/en\/#website"},"datePublished":"2021-01-26T14:38:41+00:00","dateModified":"2024-03-11T14:46:55+00:00","description":"Efter stor succes med dets it-l\u00f8sninger, lancerer det fremadstormende landinspekt\u00f8rfirma LE34 nu sit eget it-selskab under navnet IT34 A\/S","breadcrumb":{"@id":"https:\/\/it34.com\/en\/danmarks-storste-landinspektorfirma-indtager-branchen-med-opkob\/#breadcrumb"},"inLanguage":"en-US","potentialAction":[{"@type":"ReadAction","target":["https:\/\/it34.com\/en\/danmarks-storste-landinspektorfirma-indtager-branchen-med-opkob\/"]}]},{"@type":"BreadcrumbList","@id":"https:\/\/it34.com\/en\/danmarks-storste-landinspektorfirma-indtager-branchen-med-opkob\/#breadcrumb","itemListElement":[{"@type":"ListItem","position":1,"name":"Home","item":"https:\/\/it34.com\/en\/"},{"@type":"ListItem","position":2,"name":"Danmarks st\u00f8rste landinspekt\u00f8rfirma indtager it-branchen med opk\u00f8b"}]},{"@type":"WebSite","@id":"https:\/\/it34.com\/en\/#website","url":"https:\/\/it34.com\/en\/","name":"IT34","description":"IT34 makes it possible","publisher":{"@id":"https:\/\/it34.com\/en\/#organization"},"potentialAction":[{"@type":"SearchAction","target":{"@type":"EntryPoint","urlTemplate":"https:\/\/it34.com\/en\/?s={search_term_string}"},"query-input":{"@type":"PropertyValueSpecification","valueRequired":true,"valueName":"search_term_string"}}],"inLanguage":"en-US"},{"@type":"Organization","@id":"https:\/\/it34.com\/en\/#organization","name":"IT34","url":"https:\/\/it34.com\/en\/","logo":{"@type":"ImageObject","inLanguage":"en-US","@id":"https:\/\/it34.com\/en\/#\/schema\/logo\/image\/","url":"https:\/\/it34.com\/wp-content\/uploads\/2024\/01\/cropped-it34.png","contentUrl":"https:\/\/it34.com\/wp-content\/uploads\/2024\/01\/cropped-it34.png","width":512,"height":512,"caption":"IT34"},"image":{"@id":"https:\/\/it34.com\/en\/#\/schema\/logo\/image\/"},"sameAs":["https:\/\/www.linkedin.com\/company\/74469087\/admin\/feed\/posts\/"]}]}},"_links":{"self":[{"href":"https:\/\/it34.com\/en\/wp-json\/wp\/v2\/pages\/6654","targetHints":{"allow":["GET"]}}],"collection":[{"href":"https:\/\/it34.com\/en\/wp-json\/wp\/v2\/pages"}],"about":[{"href":"https:\/\/it34.com\/en\/wp-json\/wp\/v2\/types\/page"}],"author":[{"embeddable":true,"href":"https:\/\/it34.com\/en\/wp-json\/wp\/v2\/users\/2"}],"replies":[{"embeddable":true,"href":"https:\/\/it34.com\/en\/wp-json\/wp\/v2\/comments?post=6654"}],"version-history":[{"count":1,"href":"https:\/\/it34.com\/en\/wp-json\/wp\/v2\/pages\/6654\/revisions"}],"predecessor-version":[{"id":6655,"href":"https:\/\/it34.com\/en\/wp-json\/wp\/v2\/pages\/6654\/revisions\/6655"}],"wp:attachment":[{"href":"https:\/\/it34.com\/en\/wp-json\/wp\/v2\/media?parent=6654"}],"curies":[{"name":"wp","href":"https:\/\/api.w.org\/{rel}","templated":true}]}}